{"id":907,"date":"2020-01-27T23:07:17","date_gmt":"2020-01-27T23:07:17","guid":{"rendered":"https:\/\/lapoderosagoods.spainmotoexperiences.es\/?page_id=907"},"modified":"2021-07-07T09:41:36","modified_gmt":"2021-07-07T07:41:36","slug":"ueber-uns","status":"publish","type":"page","link":"https:\/\/lapoderosagoods.com\/de\/ueber-uns\/","title":{"rendered":"\u00dcber uns"},"content":{"rendered":"\n\n  <div class=\"banner has-hover has-parallax\" id=\"banner-2113270989\">\n          <div class=\"banner-inner fill\">\n        <div class=\"banner-bg fill\" data-parallax=\"-3\" data-parallax-container=\".banner\" data-parallax-background>\n            <div class=\"bg fill bg-fill \"><\/div>\n                        <div class=\"overlay\"><\/div>            \n                    <\/div>\n        <div class=\"banner-layers container\">\n            <div class=\"fill banner-link\"><\/div>            \n\n   <div id=\"text-box-1804447915\" class=\"text-box banner-layer x50 md-x50 lg-x50 y50 md-y50 lg-y50 res-text\">\n              <div data-parallax=\"-4\" data-parallax-fade=\"true\">                  <div class=\"text-box-content text dark text-shadow-1\">\n              \n              <div class=\"text-inner text-center\">\n                  \n\n<h3 class=\"uppercase\"><strong>LA PODEROSA GOODS<\/strong><\/h3>\r\n<p class=\"lead\">Ein wenig von unserer Geschichte&#8230;<\/p>\n\n              <\/div>\n           <\/div>\n              <\/div>              \n<style>\n#text-box-1804447915 {\n  width: 60%;\n}\n#text-box-1804447915 .text-box-content {\n  font-size: 100%;\n}\n<\/style>\n    <\/div>\n \n\n        <\/div>\n      <\/div>\n\n            \n<style>\n#banner-2113270989 {\n  padding-top: 261px;\n}\n#banner-2113270989 .bg.bg-loaded {\n  background-image: url(https:\/\/lapoderosagoods.com\/wp-content\/uploads\/2021\/06\/indianScoutlateralviewDakhlasafari-1067x800.jpg);\n}\n#banner-2113270989 .overlay {\n  background-color: rgba(0, 0, 0, 0.09);\n}\n#banner-2113270989 .bg {\n  background-position: 54% 100%;\n}\n<\/style>\n  <\/div>\n\n\n\t<section class=\"section has-mask mask-arrow\" id=\"section_676170567\">\n\t\t<div class=\"bg section-bg fill bg-fill  bg-loaded\" >\n\n\t\t\t\n\t\t\t\n\t\t\t\n\n\t\t<\/div>\n\n\t\t<div class=\"section-content relative\">\n\t\t\t\n\n\n\t\t<\/div>\n\n\t\t\n<style>\n#section_676170567 {\n  padding-top: 45px;\n  padding-bottom: 45px;\n  background-color: rgb(255, 255, 255);\n}\n<\/style>\n\t<\/section>\n\t\n<div class=\"row\"  id=\"row-1022790252\">\n\n\n\t<div id=\"col-509125610\" class=\"col medium-6 small-12 large-6\"  >\n\t\t<div class=\"col-inner\"  >\n\t\t\t\n\t\t\t\n\n<div class=\"\">Mein Name ist Bruno Martin und ich bin der Sch\u00f6pfer dieser Sammlung von Vintage-Reiseartikeln.<br \/>Nach der Gr\u00fcndung von <a href=\"https:\/\/spainmotoexperiences. es\/\" target=\"_blank\" rel=\"noopener noreferrer\">Spain Moto Experiences<\/a> (das einzige Unternehmen in der Motorrad-Reisewelt mit einer Flotte von Bmw Airheads und auch Offizieller BMW Motorrad Partner), habe ich mich entschlossen, meine eigenen <a href=\"\/shop\/\" target=\"_blank\" rel=\"noopener noreferrer\">Abzeichen, St\u00e4nder und Zubeh\u00f6r<\/a> zu produzieren. <br \/>La Poderosa ist aus dem Bed\u00fcrfnis entstanden, mit dem Motorrad mit Gep\u00e4ck, aber gleichzeitig mit Stil zu reisen. Wir waren der Meinung, dass der Markt f\u00fcr Oldtimer-Motorr\u00e4der einen Bedarf an Qualit\u00e4tsprodukten mit einem klassischen und eleganten Stil hat. Nat\u00fcrlich waren, wie der Name schon sagt, die beigen Satteltaschen der &#8217;39er Norton, die Che Guevara auf seiner Reise durch S\u00fcdamerika benutzte, unsere Inspiration. Die Idee ist, Produkte mit einer klassischen Linie, aber mit der heutigen Technologie herzustellen, wie im Fall unserer Satteltaschen und ihrem Click-Fix-Verschlusssystem.<\/div>\r\n<div class=\"text-center\"><div class=\"is-divider divider clearfix\" ><\/div><\/div>\n\n\n\t\t<\/div>\n\t\t\t<\/div>\n\n\t\n\n\t<div id=\"col-969314460\" class=\"col medium-6 small-12 large-6\"  >\n\t\t<div class=\"col-inner\"  >\n\t\t\t\n\t\t\t\n\n\t<div class=\"img has-hover x md-x lg-x y md-y lg-y\" id=\"image_1221065366\">\n\t\t\t\t\t\t\t\t<div class=\"img-inner dark\" >\n\t\t\t<img width=\"320\" height=\"240\" src=\"https:\/\/lapoderosagoods.com\/wp-content\/uploads\/2019\/11\/poderosa-foto-01.jpg\" class=\"attachment-large size-large\" alt=\"\" loading=\"lazy\" \/>\t\t\t\t\t\t\n\t\t\t\t\t<\/div>\n\t\t\t\t\t\t\t\t\n<style>\n#image_1221065366 {\n  width: 100%;\n}\n<\/style>\n\t<\/div>\n\t\n\n\n\t\t<\/div>\n\t\t\t<\/div>\n\n\t\n\n<\/div>\n<div class=\"row\"  id=\"row-56726256\">\n\n\n\t<div id=\"col-609832090\" class=\"col medium-6 small-12 large-6\"  >\n\t\t<div class=\"col-inner\"  >\n\t\t\t\n\t\t\t\n\n\t<div class=\"img has-hover x md-x lg-x y md-y lg-y\" id=\"image_1308537272\">\n\t\t\t\t\t\t\t\t<div class=\"img-inner dark\" >\n\t\t\t<img width=\"1079\" height=\"716\" src=\"https:\/\/lapoderosagoods.com\/wp-content\/uploads\/2020\/01\/handmade_1080x.png\" class=\"attachment-large size-large\" alt=\"\" loading=\"lazy\" srcset=\"https:\/\/lapoderosagoods.com\/wp-content\/uploads\/2020\/01\/handmade_1080x.png 1079w, https:\/\/lapoderosagoods.com\/wp-content\/uploads\/2020\/01\/handmade_1080x-603x400.png 603w, https:\/\/lapoderosagoods.com\/wp-content\/uploads\/2020\/01\/handmade_1080x-768x510.png 768w, https:\/\/lapoderosagoods.com\/wp-content\/uploads\/2020\/01\/handmade_1080x-600x398.png 600w\" sizes=\"(max-width: 1079px) 100vw, 1079px\" \/>\t\t\t\t\t\t\n\t\t\t\t\t<\/div>\n\t\t\t\t\t\t\t\t\n<style>\n#image_1308537272 {\n  width: 100%;\n}\n<\/style>\n\t<\/div>\n\t\n\n\n\t\t<\/div>\n\t\t\t<\/div>\n\n\t\n\n\t<div id=\"col-1584841556\" class=\"col medium-6 small-12 large-6\"  >\n\t\t<div class=\"col-inner\"  >\n\t\t\t\n\t\t\t\n\n<div class=\"\">\r\n<h2 class=\"h3\">HANDWERK<\/h2>\r\n<div class=\"rte-setting featured-row__subtext\">\r\n<p>F\u00fcr uns ist es sehr wichtig, dass unsere Produkte in Spanien <strong>handgefertigt werden,<\/strong> von Handwerkern im Textil- und Lederwarensektor, mit langj\u00e4hriger Erfahrung.<\/p> <p>Das stellt sicher, dass wir unseren Kunden die besten Qualit\u00e4tsprodukte anbieten k\u00f6nnen.\r\n<p>Damit stellen wir sicher, dass wir unseren Kunden die beste<strong> Qualit\u00e4t bei Oberfl\u00e4chen und Rohstoffen bieten k\u00f6nnen.\r\n<p>Es besteht kein Zweifel, dass unsere kurze Serie und mit einem exklusiven Stil Biker begeistern wird, die Wert auf Qualit\u00e4t und exklusives Gep\u00e4ck f\u00fcr ihre Reittiere legen.<\/p> <p>Sie helfen auch, die Qualit\u00e4t unserer Produkte zu verbessern.\r\n<p>Sie helfen auch, Arbeiter mit <strong>w\u00fcrdigen Arbeitsbedingungen und einem anst\u00e4ndigen Gehalt zu besch\u00e4ftigen.<p>\r\n<\/div>\r\n<\/div>\r\n<div class=\"text-center\"><div class=\"is-divider divider clearfix\" ><\/div><\/div>\n\n\n\t\t<\/div>\n\t\t\t<\/div>\n\n\t\n\n<\/div>\n\n","protected":false},"excerpt":{"rendered":"","protected":false},"author":1,"featured_media":0,"parent":0,"menu_order":0,"comment_status":"closed","ping_status":"closed","template":"page-blank.php","meta":{"spay_email":""},"yoast_head":"<!-- This site is optimized with the Yoast SEO plugin v16.8 - https:\/\/yoast.com\/wordpress\/plugins\/seo\/ -->\n<title>\u00dcber uns - La Poderosa Goods - Satteltaschen, Gep\u00e4ck und Premium-Motorradzubeh\u00f6r<\/title>\n<meta name=\"robots\" content=\"index, follow, max-snippet:-1, max-image-preview:large, max-video-preview:-1\" \/>\n<link rel=\"canonical\" href=\"https:\/\/lapoderosagoods.com\/de\/sobre-nosotros\/\" \/>\n<meta property=\"og:locale\" content=\"de_DE\" \/>\n<meta property=\"og:type\" content=\"article\" \/>\n<meta property=\"og:title\" content=\"\u00dcber uns - La Poderosa Goods - Satteltaschen, Gep\u00e4ck und Premium-Motorradzubeh\u00f6r\" \/>\n<meta property=\"og:url\" content=\"https:\/\/lapoderosagoods.com\/sobre-nosotros\/\" \/>\n<meta property=\"og:site_name\" content=\"La Poderosa Goods - Satteltaschen, Gep\u00e4ck und Premium-Motorradzubeh\u00f6r\" \/>\n<meta property=\"article:modified_time\" content=\"2021-07-07T07:41:36+00:00\" \/>\n<meta property=\"og:image\" content=\"https:\/\/lapoderosagoods.com\/wp-content\/uploads\/2019\/10\/poderosa.png\" \/>\n\t<meta property=\"og:image:width\" content=\"290\" \/>\n\t<meta property=\"og:image:height\" content=\"209\" \/>\n<meta name=\"twitter:card\" content=\"summary_large_image\" \/>\n<meta name=\"twitter:label1\" content=\"Gesch\u00e4tzte Lesezeit\" \/>\n\t<meta name=\"twitter:data1\" content=\"2 Minuten\" \/>\n<script type=\"application\/ld+json\" class=\"yoast-schema-graph\">{\"@context\":\"https:\/\/schema.org\",\"@graph\":[{\"@type\":\"Organization\",\"@id\":\"https:\/\/lapoderosagoods.com\/#organization\",\"name\":\"La Poderosa Classic Goods\",\"url\":\"https:\/\/lapoderosagoods.com\/\",\"sameAs\":[],\"logo\":{\"@type\":\"ImageObject\",\"@id\":\"https:\/\/lapoderosagoods.com\/#logo\",\"inLanguage\":\"de-DE\",\"url\":\"https:\/\/lapoderosagoods.com\/wp-content\/uploads\/2019\/10\/poderosa.png\",\"contentUrl\":\"https:\/\/lapoderosagoods.com\/wp-content\/uploads\/2019\/10\/poderosa.png\",\"width\":290,\"height\":209,\"caption\":\"La Poderosa Classic Goods\"},\"image\":{\"@id\":\"https:\/\/lapoderosagoods.com\/#logo\"}},{\"@type\":\"WebSite\",\"@id\":\"https:\/\/lapoderosagoods.com\/#website\",\"url\":\"https:\/\/lapoderosagoods.com\/\",\"name\":\"La Poderosa Goods - Satteltaschen, Gep\\u00e4ck und Premium-Motorradzubeh\\u00f6r\",\"description\":\"Gep\\u00e4ck, St\\u00e4nder, Satteltaschen und Zubeh\\u00f6r f\\u00fcr Klassiker, Caf\\u00e9 Racer oder Adventure Bikes. \",\"publisher\":{\"@id\":\"https:\/\/lapoderosagoods.com\/#organization\"},\"potentialAction\":[{\"@type\":\"SearchAction\",\"target\":{\"@type\":\"EntryPoint\",\"urlTemplate\":\"https:\/\/lapoderosagoods.com\/?s={search_term_string}\"},\"query-input\":\"required name=search_term_string\"}],\"inLanguage\":\"de-DE\"},{\"@type\":\"WebPage\",\"@id\":\"https:\/\/lapoderosagoods.com\/sobre-nosotros\/#webpage\",\"url\":\"https:\/\/lapoderosagoods.com\/sobre-nosotros\/\",\"name\":\"\\u00dcber uns - La Poderosa Goods - Satteltaschen, Gep\\u00e4ck und Premium-Motorradzubeh\\u00f6r\",\"isPartOf\":{\"@id\":\"https:\/\/lapoderosagoods.com\/#website\"},\"datePublished\":\"2020-01-27T23:07:17+00:00\",\"dateModified\":\"2021-07-07T07:41:36+00:00\",\"breadcrumb\":{\"@id\":\"https:\/\/lapoderosagoods.com\/sobre-nosotros\/#breadcrumb\"},\"inLanguage\":\"de-DE\",\"potentialAction\":[{\"@type\":\"ReadAction\",\"target\":[\"https:\/\/lapoderosagoods.com\/sobre-nosotros\/\"]}]},{\"@type\":\"BreadcrumbList\",\"@id\":\"https:\/\/lapoderosagoods.com\/sobre-nosotros\/#breadcrumb\",\"itemListElement\":[{\"@type\":\"ListItem\",\"position\":1,\"name\":\"Portada\",\"item\":\"https:\/\/lapoderosagoods.com\/\"},{\"@type\":\"ListItem\",\"position\":2,\"name\":\"\\u00dcber uns\"}]}]}<\/script>\n<!-- \/ Yoast SEO plugin. -->","yoast_head_json":{"title":"\u00dcber uns - La Poderosa Goods - Satteltaschen, Gep\u00e4ck und Premium-Motorradzubeh\u00f6r","robots":{"index":"index","follow":"follow","max-snippet":"max-snippet:-1","max-image-preview":"max-image-preview:large","max-video-preview":"max-video-preview:-1"},"canonical":"https:\/\/lapoderosagoods.com\/de\/sobre-nosotros\/","og_locale":"de_DE","og_type":"article","og_title":"\u00dcber uns - La Poderosa Goods - Satteltaschen, Gep\u00e4ck und Premium-Motorradzubeh\u00f6r","og_url":"https:\/\/lapoderosagoods.com\/sobre-nosotros\/","og_site_name":"La Poderosa Goods - Satteltaschen, Gep\u00e4ck und Premium-Motorradzubeh\u00f6r","article_modified_time":"2021-07-07T07:41:36+00:00","og_image":[{"width":290,"height":209,"url":"https:\/\/lapoderosagoods.com\/wp-content\/uploads\/2019\/10\/poderosa.png","path":"\/home\/spainmot\/lapoderosagoods\/wp-content\/uploads\/2019\/10\/poderosa.png","size":"full","id":269,"alt":"","pixels":60610,"type":"image\/png"}],"twitter_card":"summary_large_image","twitter_misc":{"Gesch\u00e4tzte Lesezeit":"2 Minuten"},"schema":{"@context":"https:\/\/schema.org","@graph":[{"@type":"Organization","@id":"https:\/\/lapoderosagoods.com\/#organization","name":"La Poderosa Classic Goods","url":"https:\/\/lapoderosagoods.com\/","sameAs":[],"logo":{"@type":"ImageObject","@id":"https:\/\/lapoderosagoods.com\/#logo","inLanguage":"de-DE","url":"https:\/\/lapoderosagoods.com\/wp-content\/uploads\/2019\/10\/poderosa.png","contentUrl":"https:\/\/lapoderosagoods.com\/wp-content\/uploads\/2019\/10\/poderosa.png","width":290,"height":209,"caption":"La Poderosa Classic Goods"},"image":{"@id":"https:\/\/lapoderosagoods.com\/#logo"}},{"@type":"WebSite","@id":"https:\/\/lapoderosagoods.com\/#website","url":"https:\/\/lapoderosagoods.com\/","name":"La Poderosa Goods - Satteltaschen, Gep\u00e4ck und Premium-Motorradzubeh\u00f6r","description":"Gep\u00e4ck, St\u00e4nder, Satteltaschen und Zubeh\u00f6r f\u00fcr Klassiker, Caf\u00e9 Racer oder Adventure Bikes. ","publisher":{"@id":"https:\/\/lapoderosagoods.com\/#organization"},"potentialAction":[{"@type":"SearchAction","target":{"@type":"EntryPoint","urlTemplate":"https:\/\/lapoderosagoods.com\/?s={search_term_string}"},"query-input":"required name=search_term_string"}],"inLanguage":"de-DE"},{"@type":"WebPage","@id":"https:\/\/lapoderosagoods.com\/sobre-nosotros\/#webpage","url":"https:\/\/lapoderosagoods.com\/sobre-nosotros\/","name":"\u00dcber uns - La Poderosa Goods - Satteltaschen, Gep\u00e4ck und Premium-Motorradzubeh\u00f6r","isPartOf":{"@id":"https:\/\/lapoderosagoods.com\/#website"},"datePublished":"2020-01-27T23:07:17+00:00","dateModified":"2021-07-07T07:41:36+00:00","breadcrumb":{"@id":"https:\/\/lapoderosagoods.com\/sobre-nosotros\/#breadcrumb"},"inLanguage":"de-DE","potentialAction":[{"@type":"ReadAction","target":["https:\/\/lapoderosagoods.com\/sobre-nosotros\/"]}]},{"@type":"BreadcrumbList","@id":"https:\/\/lapoderosagoods.com\/sobre-nosotros\/#breadcrumb","itemListElement":[{"@type":"ListItem","position":1,"name":"Portada","item":"https:\/\/lapoderosagoods.com\/"},{"@type":"ListItem","position":2,"name":"\u00dcber uns"}]}]}},"_links":{"self":[{"href":"https:\/\/lapoderosagoods.com\/de\/wp-json\/wp\/v2\/pages\/907"}],"collection":[{"href":"https:\/\/lapoderosagoods.com\/de\/wp-json\/wp\/v2\/pages"}],"about":[{"href":"https:\/\/lapoderosagoods.com\/de\/wp-json\/wp\/v2\/types\/page"}],"author":[{"embeddable":true,"href":"https:\/\/lapoderosagoods.com\/de\/wp-json\/wp\/v2\/users\/1"}],"replies":[{"embeddable":true,"href":"https:\/\/lapoderosagoods.com\/de\/wp-json\/wp\/v2\/comments?post=907"}],"version-history":[{"count":5,"href":"https:\/\/lapoderosagoods.com\/de\/wp-json\/wp\/v2\/pages\/907\/revisions"}],"predecessor-version":[{"id":9649,"href":"https:\/\/lapoderosagoods.com\/de\/wp-json\/wp\/v2\/pages\/907\/revisions\/9649"}],"wp:attachment":[{"href":"https:\/\/lapoderosagoods.com\/de\/wp-json\/wp\/v2\/media?parent=907"}],"curies":[{"name":"wp","href":"https:\/\/api.w.org\/{rel}","templated":true}]}}