{"id":2985,"date":"2021-06-24T10:26:28","date_gmt":"2021-06-24T08:26:28","guid":{"rendered":"https:\/\/lapoderosagoods.spainmotoexperiences.es\/dein-motorrad\/yamaha\/"},"modified":"2023-07-24T12:33:04","modified_gmt":"2023-07-24T10:33:04","slug":"yamaha","status":"publish","type":"page","link":"https:\/\/lapoderosagoods.com\/de\/dein-motorrad\/yamaha\/","title":{"rendered":"YAMAHA"},"content":{"rendered":"\n  <div id=\"page-header-1471985540\" class=\"page-header-wrapper\">\n  <div class=\"page-title dark normal-title\">\n\n        <div class=\"page-title-bg\">\n      <div class=\"title-bg fill bg-fill\"\n        data-parallax-container=\".page-title\"\n        data-parallax-background\n        data-parallax=\"-\">\n      <\/div>\n      <div class=\"title-overlay fill\"><\/div>\n    <\/div>\n    \n    <div class=\"page-title-inner container align-center text-center flex-row-col medium-flex-wrap\" >\n              <div class=\"title-wrapper uppercase flex-col\">\n          <h1 class=\"entry-title mb-0\">\n            YAMAHA          <\/h1>\n        <\/div>\n                    <div class=\"title-content flex-col\">\n        <ul class=\"nav sm-touch-scroll nav-line nav-uppercase text-center nav-center\"><li class=\"nav-single-page hidden\"><\/li><\/ul>      <\/div>\n    <\/div>\n\n     \n<style>\n#page-header-1471985540 .page-title-inner {\n  min-height: 200px;\n}\n#page-header-1471985540 .title-bg {\n  background-image: url(https:\/\/lapoderosagoods.com\/wp-content\/uploads\/2021\/06\/lapoderosagoods-YAMAHA.png);\n}\n<\/style>\n  <\/div>\n    <\/div>\n  \n\n<div class=\"row align-center\"  id=\"row-2008490213\">\n\n\n\t<div id=\"col-660285191\" class=\"col medium-3 small-12 large-3\"  >\n\t\t<div class=\"col-inner\"  >\n\t\t\t\n\t\t\t\n\n\t<div class=\"box has-hover   has-hover box-text-bottom\" >\n\n\t\t<div class=\"box-image\" >\n\t\t\t<a href=\"\/de\/tag\/yamaha-tenere-700-de\/\"  >\t\t\t<div class=\"\" >\n\t\t\t\t<img width=\"600\" height=\"400\" src=\"https:\/\/lapoderosagoods.com\/wp-content\/uploads\/2021\/11\/lapoderosagoods-Yamaha-Tenere-700.jpg\" class=\"attachment- size-\" alt=\"\" loading=\"lazy\" \/>\t\t\t\t\t\t\t\t\t\t\t<\/div>\n\t\t\t<\/a>\t\t<\/div>\n\n\t\t<div class=\"box-text text-center\" >\n\t\t\t<div class=\"box-text-inner\">\n\t\t\t\t\n\n\t<div id=\"text-2283778425\" class=\"text\">\n\t\t\n\n<h2><a href=\"\/de\/tag\/yamaha-tenere-700-de\/\">YAMAHA Tenere 700<\/a><\/h2>\n\t\t\n<style>\n#text-2283778425 {\n  font-size: 0.75rem;\n  line-height: 0.75;\n  text-align: center;\n}\n<\/style>\n\t<\/div>\n\t\n\n\t\t\t<\/div>\n\t\t<\/div>\n\t<\/div>\n\t\n\n\t\t<\/div>\n\t\t\t<\/div>\n\n\t\n\n\t<div id=\"col-21624693\" class=\"col medium-3 small-12 large-3\"  >\n\t\t<div class=\"col-inner\"  >\n\t\t\t\n\t\t\t\n\n\t<div class=\"box has-hover   has-hover box-text-bottom\" >\n\n\t\t<div class=\"box-image\" >\n\t\t\t<a href=\"\/de\/tag\/yamaha-xt600z-tenere-1vj-de\/\"  >\t\t\t<div class=\"\" >\n\t\t\t\t<img width=\"600\" height=\"400\" src=\"https:\/\/lapoderosagoods.com\/wp-content\/uploads\/2022\/12\/lapoderosagoods-Yamaha-tenere-1vj.jpg\" class=\"attachment- size-\" alt=\"\" loading=\"lazy\" \/>\t\t\t\t\t\t\t\t\t\t\t<\/div>\n\t\t\t<\/a>\t\t<\/div>\n\n\t\t<div class=\"box-text text-center\" >\n\t\t\t<div class=\"box-text-inner\">\n\t\t\t\t\n\n\t<div id=\"text-3545853032\" class=\"text\">\n\t\t\n\n<h2><a href=\"\/de\/tag\/yamaha-xt600z-tenere-1vj-de\/\">YAMAHA XT600Z Tenere 1VJ<\/a><\/h2>\n\t\t\n<style>\n#text-3545853032 {\n  font-size: 0.75rem;\n  line-height: 0.75;\n  text-align: center;\n}\n<\/style>\n\t<\/div>\n\t\n\n\t\t\t<\/div>\n\t\t<\/div>\n\t<\/div>\n\t\n\n\t\t<\/div>\n\t\t\t<\/div>\n\n\t\n\n\t<div id=\"col-2006959613\" class=\"col medium-3 small-12 large-3\"  >\n\t\t<div class=\"col-inner\"  >\n\t\t\t\n\t\t\t\n\n\t<div class=\"box has-hover   has-hover box-text-bottom\" >\n\n\t\t<div class=\"box-image\" >\n\t\t\t<a href=\"\/de\/tag\/yamaha-xsr700-de\/\"  >\t\t\t<div class=\"\" >\n\t\t\t\t<img width=\"600\" height=\"400\" src=\"https:\/\/lapoderosagoods.com\/wp-content\/uploads\/2021\/06\/lapoderosagoods-YAMAHA-xsr700.jpg\" class=\"attachment- size-\" alt=\"\" loading=\"lazy\" \/>\t\t\t\t\t\t\t\t\t\t\t<\/div>\n\t\t\t<\/a>\t\t<\/div>\n\n\t\t<div class=\"box-text text-center\" >\n\t\t\t<div class=\"box-text-inner\">\n\t\t\t\t\n\n\t<div id=\"text-3609720013\" class=\"text\">\n\t\t\n\n<h2><a href=\"\/de\/tag\/yamaha-xsr700-de\/\">YAMAHA XSR700<\/a><\/h2>\n\t\t\n<style>\n#text-3609720013 {\n  font-size: 0.75rem;\n  line-height: 0.75;\n  text-align: center;\n}\n<\/style>\n\t<\/div>\n\t\n\n\t\t\t<\/div>\n\t\t<\/div>\n\t<\/div>\n\t\n\n\t\t<\/div>\n\t\t\t<\/div>\n\n\t\n\n\t<div id=\"col-1413635194\" class=\"col medium-3 small-12 large-3\"  >\n\t\t<div class=\"col-inner\"  >\n\t\t\t\n\t\t\t\n\n\t<div class=\"box has-hover   has-hover box-text-bottom\" >\n\n\t\t<div class=\"box-image\" >\n\t\t\t<a href=\"\/de\/tag\/yamaha-xsr900-de\/\"  >\t\t\t<div class=\"\" >\n\t\t\t\t<img width=\"600\" height=\"400\" src=\"https:\/\/lapoderosagoods.com\/wp-content\/uploads\/2021\/06\/lapoderosagoods-YAMAHA-xsr900.jpg\" class=\"attachment- size-\" alt=\"\" loading=\"lazy\" \/>\t\t\t\t\t\t\t\t\t\t\t<\/div>\n\t\t\t<\/a>\t\t<\/div>\n\n\t\t<div class=\"box-text text-center\" >\n\t\t\t<div class=\"box-text-inner\">\n\t\t\t\t\n\n\t<div id=\"text-1691395395\" class=\"text\">\n\t\t\n\n<h2><a href=\"\/de\/tag\/yamaha-xsr900-de\/\">YAMAHA XSR900<\/a><\/h2>\n\t\t\n<style>\n#text-1691395395 {\n  font-size: 0.75rem;\n  line-height: 0.75;\n  text-align: center;\n}\n<\/style>\n\t<\/div>\n\t\n\n\t\t\t<\/div>\n\t\t<\/div>\n\t<\/div>\n\t\n\n\t\t<\/div>\n\t\t\t<\/div>\n\n\t\n\n\t<div id=\"col-994316135\" class=\"col medium-3 small-12 large-3\"  >\n\t\t<div class=\"col-inner\"  >\n\t\t\t\n\t\t\t\n\n\t<div class=\"box has-hover   has-hover box-text-bottom\" >\n\n\t\t<div class=\"box-image\" >\n\t\t\t<a href=\"\/de\/tag\/yamaha-xsr900-2022-de\/\"  >\t\t\t<div class=\"\" >\n\t\t\t\t<img width=\"600\" height=\"400\" src=\"https:\/\/lapoderosagoods.com\/wp-content\/uploads\/2023\/07\/lapoderosagoods-Yamaha-xsr-900.jpg\" class=\"attachment- size-\" alt=\"Yamaha XSR900 2022\" loading=\"lazy\" \/>\t\t\t\t\t\t\t\t\t\t\t<\/div>\n\t\t\t<\/a>\t\t<\/div>\n\n\t\t<div class=\"box-text text-center\" >\n\t\t\t<div class=\"box-text-inner\">\n\t\t\t\t\n\n\t<div id=\"text-989427610\" class=\"text\">\n\t\t\n\n<h2><a href=\"\/de\/tag\/yamaha-xsr900-2022-de\/\">YAMAHA XSR900 2022<\/a><\/h2>\n\t\t\n<style>\n#text-989427610 {\n  font-size: 0.75rem;\n  line-height: 0.75;\n  text-align: center;\n}\n<\/style>\n\t<\/div>\n\t\n\n\t\t\t<\/div>\n\t\t<\/div>\n\t<\/div>\n\t\n\n\t\t<\/div>\n\t\t\t<\/div>\n\n\t\n\n\t<div id=\"col-40993313\" class=\"col medium-3 small-12 large-3\"  >\n\t\t<div class=\"col-inner\"  >\n\t\t\t\n\t\t\t\n\n\t<div class=\"box has-hover   has-hover box-text-bottom\" >\n\n\t\t<div class=\"box-image\" >\n\t\t\t<a href=\"\/de\/tag\/yamaha-xt-500-de\/\"  >\t\t\t<div class=\"\" >\n\t\t\t\t<img width=\"600\" height=\"400\" src=\"https:\/\/lapoderosagoods.com\/wp-content\/uploads\/2022\/08\/lapoderosagoods-Yamaha-xt-500.jpg\" class=\"attachment- size-\" alt=\"yamaha xt 500\" loading=\"lazy\" \/>\t\t\t\t\t\t\t\t\t\t\t<\/div>\n\t\t\t<\/a>\t\t<\/div>\n\n\t\t<div class=\"box-text text-center\" >\n\t\t\t<div class=\"box-text-inner\">\n\t\t\t\t\n\n\t<div id=\"text-2491323937\" class=\"text\">\n\t\t\n\n<h2><a href=\"\/de\/tag\/yamaha-xt-500-de\/\">YAMAHA XT 500<\/a><\/h2>\n\t\t\n<style>\n#text-2491323937 {\n  font-size: 0.75rem;\n  line-height: 0.75;\n  text-align: center;\n}\n<\/style>\n\t<\/div>\n\t\n\n\t\t\t<\/div>\n\t\t<\/div>\n\t<\/div>\n\t\n\n\t\t<\/div>\n\t\t\t<\/div>\n\n\t\n\n\t<div id=\"col-1884689056\" class=\"col medium-3 small-12 large-3\"  >\n\t\t<div class=\"col-inner\"  >\n\t\t\t\n\t\t\t\n\n\t<div class=\"box has-hover   has-hover box-text-bottom\" >\n\n\t\t<div class=\"box-image\" >\n\t\t\t<a href=\"\/de\/tag\/yamaha-xv950-de\/\"  >\t\t\t<div class=\"\" >\n\t\t\t\t<img width=\"600\" height=\"400\" src=\"https:\/\/lapoderosagoods.com\/wp-content\/uploads\/2021\/06\/lapoderosagoods-YAMAHA-xv950.jpg\" class=\"attachment- size-\" alt=\"\" loading=\"lazy\" \/>\t\t\t\t\t\t\t\t\t\t\t<\/div>\n\t\t\t<\/a>\t\t<\/div>\n\n\t\t<div class=\"box-text text-center\" >\n\t\t\t<div class=\"box-text-inner\">\n\t\t\t\t\n\n\t<div id=\"text-1526789836\" class=\"text\">\n\t\t\n\n<h2><a href=\"\/de\/tag\/yamaha-xv950-de\/\">YAMAHA XV950<\/a><\/h2>\n\t\t\n<style>\n#text-1526789836 {\n  font-size: 0.75rem;\n  line-height: 0.75;\n  text-align: center;\n}\n<\/style>\n\t<\/div>\n\t\n\n\t\t\t<\/div>\n\t\t<\/div>\n\t<\/div>\n\t\n\n\t\t<\/div>\n\t\t\t<\/div>\n\n\t\n\n\n<style>\n#row-2008490213 > .col > .col-inner {\n  padding: 35px 0px 0px 0px;\n}\n<\/style>\n<\/div>\n<div class=\"is-divider divider clearfix\" style=\"max-width:100%;height:5px;\"><\/div>\n\n\t<div id=\"text-4262946888\" class=\"text\">\n\t\t\n\n<p>Sie k\u00f6nnen Ihr Modell nicht finden? Versuchen Sie es mit der Suchmaschine:<\/p>\n\t\t\n<style>\n#text-4262946888 {\n  text-align: center;\n}\n<\/style>\n\t<\/div>\n\t\n<div class=\"searchform-wrapper ux-search-box relative form-flat is-normal\"><form role=\"search\" method=\"get\" class=\"searchform\" action=\"https:\/\/lapoderosagoods.com\/de\/\">\n\t<div class=\"flex-row relative\">\n\t\t\t\t\t\t<div class=\"flex-col flex-grow\">\n\t\t\t<label class=\"screen-reader-text\" for=\"woocommerce-product-search-field-0\">Suche nach:<\/label>\n\t\t\t<input type=\"search\" id=\"woocommerce-product-search-field-0\" class=\"search-field mb-0\" placeholder=\"Suche&hellip;\" value=\"\" name=\"s\" \/>\n\t\t\t<input type=\"hidden\" name=\"post_type\" value=\"product\" \/>\n\t\t\t\t\t\t\t<input type=\"hidden\" name=\"lang\" value=\"de\" \/>\n\t\t\t\t\t<\/div>\n\t\t<div class=\"flex-col\">\n\t\t\t<button type=\"submit\" value=\"Suche\" class=\"ux-search-submit submit-button secondary button icon mb-0\" aria-label=\"Submit\">\n\t\t\t\t<i class=\"icon-search\" ><\/i>\t\t\t<\/button>\n\t\t<\/div>\n\t<\/div>\n\t<div class=\"live-search-results text-left z-top\"><\/div>\n<\/form>\n<\/div>\n\n\n","protected":false},"excerpt":{"rendered":"","protected":false},"author":1,"featured_media":0,"parent":2902,"menu_order":0,"comment_status":"closed","ping_status":"closed","template":"","meta":{"spay_email":""},"yoast_head":"<!-- This site is optimized with the Yoast SEO plugin v16.8 - https:\/\/yoast.com\/wordpress\/plugins\/seo\/ -->\n<title>YAMAHA - La Poderosa Goods - Satteltaschen, Gep\u00e4ck und Premium-Motorradzubeh\u00f6r<\/title>\n<meta name=\"robots\" content=\"index, follow, max-snippet:-1, max-image-preview:large, max-video-preview:-1\" \/>\n<link rel=\"canonical\" href=\"https:\/\/lapoderosagoods.com\/de\/dein-motorrad\/yamaha\/\" \/>\n<meta property=\"og:locale\" content=\"de_DE\" \/>\n<meta property=\"og:type\" content=\"article\" \/>\n<meta property=\"og:title\" content=\"YAMAHA - La Poderosa Goods - Satteltaschen, Gep\u00e4ck und Premium-Motorradzubeh\u00f6r\" \/>\n<meta property=\"og:url\" content=\"https:\/\/lapoderosagoods.com\/de\/dein-motorrad\/yamaha\/\" \/>\n<meta property=\"og:site_name\" content=\"La Poderosa Goods - Satteltaschen, Gep\u00e4ck und Premium-Motorradzubeh\u00f6r\" \/>\n<meta property=\"article:modified_time\" content=\"2023-07-24T10:33:04+00:00\" \/>\n<meta property=\"og:image\" content=\"https:\/\/lapoderosagoods.com\/wp-content\/uploads\/2019\/10\/poderosa.png\" \/>\n\t<meta property=\"og:image:width\" content=\"290\" \/>\n\t<meta property=\"og:image:height\" content=\"209\" \/>\n<meta name=\"twitter:card\" content=\"summary_large_image\" \/>\n<meta name=\"twitter:label1\" content=\"Gesch\u00e4tzte Lesezeit\" \/>\n\t<meta name=\"twitter:data1\" content=\"1 Minute\" \/>\n<script type=\"application\/ld+json\" class=\"yoast-schema-graph\">{\"@context\":\"https:\/\/schema.org\",\"@graph\":[{\"@type\":\"Organization\",\"@id\":\"https:\/\/lapoderosagoods.com\/#organization\",\"name\":\"La Poderosa Classic Goods\",\"url\":\"https:\/\/lapoderosagoods.com\/\",\"sameAs\":[],\"logo\":{\"@type\":\"ImageObject\",\"@id\":\"https:\/\/lapoderosagoods.com\/#logo\",\"inLanguage\":\"de-DE\",\"url\":\"https:\/\/lapoderosagoods.com\/wp-content\/uploads\/2019\/10\/poderosa.png\",\"contentUrl\":\"https:\/\/lapoderosagoods.com\/wp-content\/uploads\/2019\/10\/poderosa.png\",\"width\":290,\"height\":209,\"caption\":\"La Poderosa Classic Goods\"},\"image\":{\"@id\":\"https:\/\/lapoderosagoods.com\/#logo\"}},{\"@type\":\"WebSite\",\"@id\":\"https:\/\/lapoderosagoods.com\/#website\",\"url\":\"https:\/\/lapoderosagoods.com\/\",\"name\":\"La Poderosa Goods - Satteltaschen, Gep\\u00e4ck und Premium-Motorradzubeh\\u00f6r\",\"description\":\"Gep\\u00e4ck, St\\u00e4nder, Satteltaschen und Zubeh\\u00f6r f\\u00fcr Klassiker, Caf\\u00e9 Racer oder Adventure Bikes. \",\"publisher\":{\"@id\":\"https:\/\/lapoderosagoods.com\/#organization\"},\"potentialAction\":[{\"@type\":\"SearchAction\",\"target\":{\"@type\":\"EntryPoint\",\"urlTemplate\":\"https:\/\/lapoderosagoods.com\/?s={search_term_string}\"},\"query-input\":\"required name=search_term_string\"}],\"inLanguage\":\"de-DE\"},{\"@type\":\"WebPage\",\"@id\":\"https:\/\/lapoderosagoods.com\/de\/dein-motorrad\/yamaha\/#webpage\",\"url\":\"https:\/\/lapoderosagoods.com\/de\/dein-motorrad\/yamaha\/\",\"name\":\"YAMAHA - La Poderosa Goods - Satteltaschen, Gep\\u00e4ck und Premium-Motorradzubeh\\u00f6r\",\"isPartOf\":{\"@id\":\"https:\/\/lapoderosagoods.com\/#website\"},\"datePublished\":\"2021-06-24T08:26:28+00:00\",\"dateModified\":\"2023-07-24T10:33:04+00:00\",\"breadcrumb\":{\"@id\":\"https:\/\/lapoderosagoods.com\/de\/dein-motorrad\/yamaha\/#breadcrumb\"},\"inLanguage\":\"de-DE\",\"potentialAction\":[{\"@type\":\"ReadAction\",\"target\":[\"https:\/\/lapoderosagoods.com\/de\/dein-motorrad\/yamaha\/\"]}]},{\"@type\":\"BreadcrumbList\",\"@id\":\"https:\/\/lapoderosagoods.com\/de\/dein-motorrad\/yamaha\/#breadcrumb\",\"itemListElement\":[{\"@type\":\"ListItem\",\"position\":1,\"name\":\"Portada\",\"item\":\"https:\/\/lapoderosagoods.com\/\"},{\"@type\":\"ListItem\",\"position\":2,\"name\":\"Dein Motorrad\",\"item\":\"https:\/\/lapoderosagoods.com\/de\/dein-motorrad\/\"},{\"@type\":\"ListItem\",\"position\":3,\"name\":\"YAMAHA\"}]}]}<\/script>\n<!-- \/ Yoast SEO plugin. -->","yoast_head_json":{"title":"YAMAHA - La Poderosa Goods - Satteltaschen, Gep\u00e4ck und Premium-Motorradzubeh\u00f6r","robots":{"index":"index","follow":"follow","max-snippet":"max-snippet:-1","max-image-preview":"max-image-preview:large","max-video-preview":"max-video-preview:-1"},"canonical":"https:\/\/lapoderosagoods.com\/de\/dein-motorrad\/yamaha\/","og_locale":"de_DE","og_type":"article","og_title":"YAMAHA - La Poderosa Goods - Satteltaschen, Gep\u00e4ck und Premium-Motorradzubeh\u00f6r","og_url":"https:\/\/lapoderosagoods.com\/de\/dein-motorrad\/yamaha\/","og_site_name":"La Poderosa Goods - Satteltaschen, Gep\u00e4ck und Premium-Motorradzubeh\u00f6r","article_modified_time":"2023-07-24T10:33:04+00:00","og_image":[{"width":290,"height":209,"url":"https:\/\/lapoderosagoods.com\/wp-content\/uploads\/2019\/10\/poderosa.png","path":"\/home\/spainmot\/lapoderosagoods\/wp-content\/uploads\/2019\/10\/poderosa.png","size":"full","id":269,"alt":"","pixels":60610,"type":"image\/png"}],"twitter_card":"summary_large_image","twitter_misc":{"Gesch\u00e4tzte Lesezeit":"1 Minute"},"schema":{"@context":"https:\/\/schema.org","@graph":[{"@type":"Organization","@id":"https:\/\/lapoderosagoods.com\/#organization","name":"La Poderosa Classic Goods","url":"https:\/\/lapoderosagoods.com\/","sameAs":[],"logo":{"@type":"ImageObject","@id":"https:\/\/lapoderosagoods.com\/#logo","inLanguage":"de-DE","url":"https:\/\/lapoderosagoods.com\/wp-content\/uploads\/2019\/10\/poderosa.png","contentUrl":"https:\/\/lapoderosagoods.com\/wp-content\/uploads\/2019\/10\/poderosa.png","width":290,"height":209,"caption":"La Poderosa Classic Goods"},"image":{"@id":"https:\/\/lapoderosagoods.com\/#logo"}},{"@type":"WebSite","@id":"https:\/\/lapoderosagoods.com\/#website","url":"https:\/\/lapoderosagoods.com\/","name":"La Poderosa Goods - Satteltaschen, Gep\u00e4ck und Premium-Motorradzubeh\u00f6r","description":"Gep\u00e4ck, St\u00e4nder, Satteltaschen und Zubeh\u00f6r f\u00fcr Klassiker, Caf\u00e9 Racer oder Adventure Bikes. ","publisher":{"@id":"https:\/\/lapoderosagoods.com\/#organization"},"potentialAction":[{"@type":"SearchAction","target":{"@type":"EntryPoint","urlTemplate":"https:\/\/lapoderosagoods.com\/?s={search_term_string}"},"query-input":"required name=search_term_string"}],"inLanguage":"de-DE"},{"@type":"WebPage","@id":"https:\/\/lapoderosagoods.com\/de\/dein-motorrad\/yamaha\/#webpage","url":"https:\/\/lapoderosagoods.com\/de\/dein-motorrad\/yamaha\/","name":"YAMAHA - La Poderosa Goods - Satteltaschen, Gep\u00e4ck und Premium-Motorradzubeh\u00f6r","isPartOf":{"@id":"https:\/\/lapoderosagoods.com\/#website"},"datePublished":"2021-06-24T08:26:28+00:00","dateModified":"2023-07-24T10:33:04+00:00","breadcrumb":{"@id":"https:\/\/lapoderosagoods.com\/de\/dein-motorrad\/yamaha\/#breadcrumb"},"inLanguage":"de-DE","potentialAction":[{"@type":"ReadAction","target":["https:\/\/lapoderosagoods.com\/de\/dein-motorrad\/yamaha\/"]}]},{"@type":"BreadcrumbList","@id":"https:\/\/lapoderosagoods.com\/de\/dein-motorrad\/yamaha\/#breadcrumb","itemListElement":[{"@type":"ListItem","position":1,"name":"Portada","item":"https:\/\/lapoderosagoods.com\/"},{"@type":"ListItem","position":2,"name":"Dein Motorrad","item":"https:\/\/lapoderosagoods.com\/de\/dein-motorrad\/"},{"@type":"ListItem","position":3,"name":"YAMAHA"}]}]}},"_links":{"self":[{"href":"https:\/\/lapoderosagoods.com\/de\/wp-json\/wp\/v2\/pages\/2985"}],"collection":[{"href":"https:\/\/lapoderosagoods.com\/de\/wp-json\/wp\/v2\/pages"}],"about":[{"href":"https:\/\/lapoderosagoods.com\/de\/wp-json\/wp\/v2\/types\/page"}],"author":[{"embeddable":true,"href":"https:\/\/lapoderosagoods.com\/de\/wp-json\/wp\/v2\/users\/1"}],"replies":[{"embeddable":true,"href":"https:\/\/lapoderosagoods.com\/de\/wp-json\/wp\/v2\/comments?post=2985"}],"version-history":[{"count":12,"href":"https:\/\/lapoderosagoods.com\/de\/wp-json\/wp\/v2\/pages\/2985\/revisions"}],"predecessor-version":[{"id":16508,"href":"https:\/\/lapoderosagoods.com\/de\/wp-json\/wp\/v2\/pages\/2985\/revisions\/16508"}],"up":[{"embeddable":true,"href":"https:\/\/lapoderosagoods.com\/de\/wp-json\/wp\/v2\/pages\/2902"}],"wp:attachment":[{"href":"https:\/\/lapoderosagoods.com\/de\/wp-json\/wp\/v2\/media?parent=2985"}],"curies":[{"name":"wp","href":"https:\/\/api.w.org\/{rel}","templated":true}]}}