{"id":2979,"date":"2021-06-24T10:22:53","date_gmt":"2021-06-24T08:22:53","guid":{"rendered":"https:\/\/lapoderosagoods.spainmotoexperiences.es\/dein-motorrad\/triumph\/"},"modified":"2025-03-06T08:20:23","modified_gmt":"2025-03-06T07:20:23","slug":"triumph","status":"publish","type":"page","link":"https:\/\/lapoderosagoods.com\/de\/dein-motorrad\/triumph\/","title":{"rendered":"TRIUMPH"},"content":{"rendered":"\n  <div id=\"page-header-1160037215\" class=\"page-header-wrapper\">\n  <div class=\"page-title dark normal-title\">\n\n        <div class=\"page-title-bg\">\n      <div class=\"title-bg fill bg-fill\"\n        data-parallax-container=\".page-title\"\n        data-parallax-background\n        data-parallax=\"-\">\n      <\/div>\n      <div class=\"title-overlay fill\"><\/div>\n    <\/div>\n    \n    <div class=\"page-title-inner container align-center text-center flex-row-col medium-flex-wrap\" >\n              <div class=\"title-wrapper uppercase flex-col\">\n          <h1 class=\"entry-title mb-0\">\n            TRIUMPH          <\/h1>\n        <\/div>\n                    <div class=\"title-content flex-col\">\n        <ul class=\"nav sm-touch-scroll nav-line nav-uppercase text-center nav-center\"><li class=\"nav-single-page hidden\"><\/li><\/ul>      <\/div>\n    <\/div>\n\n     \n<style>\n#page-header-1160037215 .page-title-inner {\n  min-height: 200px;\n}\n#page-header-1160037215 .title-bg {\n  background-image: url(https:\/\/lapoderosagoods.com\/wp-content\/uploads\/2021\/06\/lapoderosagoods-TRIUMPH.png);\n}\n<\/style>\n  <\/div>\n    <\/div>\n  \n\n<div class=\"row align-center\"  id=\"row-1406444053\">\n\n\n\t<div id=\"col-1546200542\" class=\"col medium-3 small-12 large-3\"  >\n\t\t<div class=\"col-inner\"  >\n\t\t\t\n\t\t\t\n\n\t<div class=\"box has-hover   has-hover box-text-bottom\" >\n\n\t\t<div class=\"box-image\" >\n\t\t\t<a href=\"https:\/\/lapoderosagoods.com\/de\/tag\/triumph-400x-scrambler-de\/\"  >\t\t\t<div class=\"\" >\n\t\t\t\t<img width=\"600\" height=\"400\" src=\"https:\/\/lapoderosagoods.com\/wp-content\/uploads\/2024\/02\/lapoderosagoods-Triumph-400x-scrambler.jpg\" class=\"attachment- size-\" alt=\"Triumph 400x Scrambler\" loading=\"lazy\" \/>\t\t\t\t\t\t\t\t\t\t\t<\/div>\n\t\t\t<\/a>\t\t<\/div>\n\n\t\t<div class=\"box-text text-center\" >\n\t\t\t<div class=\"box-text-inner\">\n\t\t\t\t\n\n\t<div id=\"text-3280210309\" class=\"text\">\n\t\t\n\n<h2><a href=\"https:\/\/lapoderosagoods.com\/de\/tag\/triumph-400x-scrambler-de\/\">TRIUMPH 400x Scrambler<\/a><\/h2>\n\t\t\n<style>\n#text-3280210309 {\n  font-size: 0.75rem;\n  line-height: 0.75;\n  text-align: center;\n}\n<\/style>\n\t<\/div>\n\t\n\n\t\t\t<\/div>\n\t\t<\/div>\n\t<\/div>\n\t\n\n\t\t<\/div>\n\t\t\t<\/div>\n\n\t\n\n\t<div id=\"col-512372371\" class=\"col medium-3 small-12 large-3\"  >\n\t\t<div class=\"col-inner\"  >\n\t\t\t\n\t\t\t\n\n\t<div class=\"box has-hover   has-hover box-text-bottom\" >\n\n\t\t<div class=\"box-image\" >\n\t\t\t<a href=\"https:\/\/lapoderosagoods.com\/de\/tag\/triumph-Bobber-de\/\"  >\t\t\t<div class=\"\" >\n\t\t\t\t<img width=\"600\" height=\"400\" src=\"https:\/\/lapoderosagoods.com\/wp-content\/uploads\/2025\/01\/lapoderosagoods-Triumph-Bobber.jpg\" class=\"attachment- size-\" alt=\"Triumph Bobber\" loading=\"lazy\" \/>\t\t\t\t\t\t\t\t\t\t\t<\/div>\n\t\t\t<\/a>\t\t<\/div>\n\n\t\t<div class=\"box-text text-center\" >\n\t\t\t<div class=\"box-text-inner\">\n\t\t\t\t\n\n\t<div id=\"text-2769346341\" class=\"text\">\n\t\t\n\n<h2><a href=\"https:\/\/lapoderosagoods.com\/de\/tag\/triumph-bobber-de\/\">TRIUMPH Bonneville Bobber<\/a><\/h2>\n\t\t\n<style>\n#text-2769346341 {\n  font-size: 0.75rem;\n  line-height: 0.75;\n  text-align: center;\n}\n<\/style>\n\t<\/div>\n\t\n\n\t\t\t<\/div>\n\t\t<\/div>\n\t<\/div>\n\t\n\n\t\t<\/div>\n\t\t\t<\/div>\n\n\t\n\n\t<div id=\"col-1524871726\" class=\"col medium-3 small-12 large-3\"  >\n\t\t<div class=\"col-inner\"  >\n\t\t\t\n\t\t\t\n\n\t<div class=\"box has-hover   has-hover box-text-bottom\" >\n\n\t\t<div class=\"box-image\" >\n\t\t\t<a href=\"https:\/\/lapoderosagoods.com\/de\/tag\/triumph-bonneville-t100-de\/\"  >\t\t\t<div class=\"\" >\n\t\t\t\t<img width=\"600\" height=\"400\" src=\"https:\/\/lapoderosagoods.com\/wp-content\/uploads\/2022\/10\/lapoderosagoods-Triumph-Bonneville-T100.jpg\" class=\"attachment- size-\" alt=\"\" loading=\"lazy\" \/>\t\t\t\t\t\t\t\t\t\t\t<\/div>\n\t\t\t<\/a>\t\t<\/div>\n\n\t\t<div class=\"box-text text-center\" >\n\t\t\t<div class=\"box-text-inner\">\n\t\t\t\t\n\n\t<div id=\"text-3196337905\" class=\"text\">\n\t\t\n\n<h2><a href=\"https:\/\/lapoderosagoods.com\/de\/tag\/triumph-bonneville-t100-de\/\">TRIUMPH Bonneville T100<\/a><\/h2>\n\t\t\n<style>\n#text-3196337905 {\n  font-size: 0.75rem;\n  line-height: 0.75;\n  text-align: center;\n}\n<\/style>\n\t<\/div>\n\t\n\n\t\t\t<\/div>\n\t\t<\/div>\n\t<\/div>\n\t\n\n\t\t<\/div>\n\t\t\t<\/div>\n\n\t\n\n\t<div id=\"col-2147110250\" class=\"col medium-3 small-12 large-3\"  >\n\t\t<div class=\"col-inner\"  >\n\t\t\t\n\t\t\t\n\n\t<div class=\"box has-hover   has-hover box-text-bottom\" >\n\n\t\t<div class=\"box-image\" >\n\t\t\t<a href=\"https:\/\/lapoderosagoods.com\/de\/tag\/triumph-bonneville-t120-de\/\"  >\t\t\t<div class=\"\" >\n\t\t\t\t<img width=\"600\" height=\"400\" src=\"https:\/\/lapoderosagoods.com\/wp-content\/uploads\/2022\/10\/lapoderosagoods-Triumph-Bonneville-T120.jpg\" class=\"attachment- size-\" alt=\"\" loading=\"lazy\" \/>\t\t\t\t\t\t\t\t\t\t\t<\/div>\n\t\t\t<\/a>\t\t<\/div>\n\n\t\t<div class=\"box-text text-center\" >\n\t\t\t<div class=\"box-text-inner\">\n\t\t\t\t\n\n\t<div id=\"text-1511806542\" class=\"text\">\n\t\t\n\n<h2><a href=\"https:\/\/lapoderosagoods.com\/de\/tag\/triumph-bonneville-t120-de\/\">TRIUMPH Bonneville T120<\/a><\/h2>\n\t\t\n<style>\n#text-1511806542 {\n  font-size: 0.75rem;\n  line-height: 0.75;\n  text-align: center;\n}\n<\/style>\n\t<\/div>\n\t\n\n\t\t\t<\/div>\n\t\t<\/div>\n\t<\/div>\n\t\n\n\t\t<\/div>\n\t\t\t<\/div>\n\n\t\n\n\t<div id=\"col-120942809\" class=\"col medium-3 small-12 large-3\"  >\n\t\t<div class=\"col-inner\"  >\n\t\t\t\n\t\t\t\n\n\t<div class=\"box has-hover   has-hover box-text-bottom\" >\n\n\t\t<div class=\"box-image\" >\n\t\t\t<a href=\"https:\/\/lapoderosagoods.com\/de\/tag\/triumph-speed-twin-de\/\"  >\t\t\t<div class=\"\" >\n\t\t\t\t<img width=\"600\" height=\"400\" src=\"https:\/\/lapoderosagoods.com\/wp-content\/uploads\/2021\/06\/lapoderosagoods-TRIUMPH-speedtwin.jpg\" class=\"attachment- size-\" alt=\"\" loading=\"lazy\" \/>\t\t\t\t\t\t\t\t\t\t\t<\/div>\n\t\t\t<\/a>\t\t<\/div>\n\n\t\t<div class=\"box-text text-center\" >\n\t\t\t<div class=\"box-text-inner\">\n\t\t\t\t\n\n\t<div id=\"text-2444784384\" class=\"text\">\n\t\t\n\n<h2><a href=\"https:\/\/lapoderosagoods.com\/de\/tag\/triumph-speed-twin-de\/\">TRIUMPH Speed Twin 1200<\/a><\/h2>\n\t\t\n<style>\n#text-2444784384 {\n  font-size: 0.75rem;\n  line-height: 0.75;\n  text-align: center;\n}\n<\/style>\n\t<\/div>\n\t\n\n\t\t\t<\/div>\n\t\t<\/div>\n\t<\/div>\n\t\n\n\t\t<\/div>\n\t\t\t<\/div>\n\n\t\n\n\t<div id=\"col-1012148678\" class=\"col medium-3 small-12 large-3\"  >\n\t\t<div class=\"col-inner\"  >\n\t\t\t\n\t\t\t\n\n\t<div class=\"box has-hover   has-hover box-text-bottom\" >\n\n\t\t<div class=\"box-image\" >\n\t\t\t<a href=\"https:\/\/lapoderosagoods.com\/de\/tag\/triumph-speed-twin-900-2025-de\/\"  >\t\t\t<div class=\"\" >\n\t\t\t\t<img width=\"600\" height=\"400\" src=\"https:\/\/lapoderosagoods.com\/wp-content\/uploads\/2025\/02\/lapoderosagoods-Triumph-Speed-twin-900-2025.jpg\" class=\"attachment- size-\" alt=\"Triumph Speed-Twin 900 2025\" loading=\"lazy\" \/>\t\t\t\t\t\t\t\t\t\t\t<\/div>\n\t\t\t<\/a>\t\t<\/div>\n\n\t\t<div class=\"box-text text-center\" >\n\t\t\t<div class=\"box-text-inner\">\n\t\t\t\t\n\n\t<div id=\"text-3890094612\" class=\"text\">\n\t\t\n\n<h2><a href=\"https:\/\/lapoderosagoods.com\/de\/tag\/triumph-speed-twin-900-2025-de\/\">TRIUMPH Speed-Twin 900 2025<\/a><\/h2>\n\t\t\n<style>\n#text-3890094612 {\n  font-size: 0.75rem;\n  line-height: 0.75;\n  text-align: center;\n}\n<\/style>\n\t<\/div>\n\t\n\n\t\t\t<\/div>\n\t\t<\/div>\n\t<\/div>\n\t\n\n\t\t<\/div>\n\t\t\t<\/div>\n\n\t\n\n\t<div id=\"col-668925000\" class=\"col medium-3 small-12 large-3\"  >\n\t\t<div class=\"col-inner\"  >\n\t\t\t\n\t\t\t\n\n\t<div class=\"box has-hover   has-hover box-text-bottom\" >\n\n\t\t<div class=\"box-image\" >\n\t\t\t<a href=\"https:\/\/lapoderosagoods.com\/de\/tag\/triumph-speed-400-de\/\"  >\t\t\t<div class=\"\" >\n\t\t\t\t<img width=\"600\" height=\"400\" src=\"https:\/\/lapoderosagoods.com\/wp-content\/uploads\/2024\/02\/lapoderosagoods-Triumph-speed-400.jpg\" class=\"attachment- size-\" alt=\"Triumph speed 400\" loading=\"lazy\" \/>\t\t\t\t\t\t\t\t\t\t\t<\/div>\n\t\t\t<\/a>\t\t<\/div>\n\n\t\t<div class=\"box-text text-center\" >\n\t\t\t<div class=\"box-text-inner\">\n\t\t\t\t\n\n\t<div id=\"text-795119302\" class=\"text\">\n\t\t\n\n<h2><a href=\"https:\/\/lapoderosagoods.com\/de\/tag\/triumph-speed-400-de\/\">TRIUMPH Speed 400<\/a><\/h2>\n\t\t\n<style>\n#text-795119302 {\n  font-size: 0.75rem;\n  line-height: 0.75;\n  text-align: center;\n}\n<\/style>\n\t<\/div>\n\t\n\n\t\t\t<\/div>\n\t\t<\/div>\n\t<\/div>\n\t\n\n\t\t<\/div>\n\t\t\t<\/div>\n\n\t\n\n\t<div id=\"col-816323184\" class=\"col medium-3 small-12 large-3\"  >\n\t\t<div class=\"col-inner\"  >\n\t\t\t\n\t\t\t\n\n\t<div class=\"box has-hover   has-hover box-text-bottom\" >\n\n\t\t<div class=\"box-image\" >\n\t\t\t<a href=\"https:\/\/lapoderosagoods.com\/de\/tag\/triumph-street-twin-de\/\"  >\t\t\t<div class=\"\" >\n\t\t\t\t<img width=\"600\" height=\"400\" src=\"https:\/\/lapoderosagoods.com\/wp-content\/uploads\/2021\/06\/lapoderosagoods-TRIUMPH-streettwin.jpg\" class=\"attachment- size-\" alt=\"\" loading=\"lazy\" \/>\t\t\t\t\t\t\t\t\t\t\t<\/div>\n\t\t\t<\/a>\t\t<\/div>\n\n\t\t<div class=\"box-text text-center\" >\n\t\t\t<div class=\"box-text-inner\">\n\t\t\t\t\n\n\t<div id=\"text-3886381009\" class=\"text\">\n\t\t\n\n<h2><a href=\"https:\/\/lapoderosagoods.com\/de\/tag\/triumph-street-twin-de\/\">TRIUMPH Street Twin<\/a><\/h2>\n\t\t\n<style>\n#text-3886381009 {\n  font-size: 0.75rem;\n  line-height: 0.75;\n  text-align: center;\n}\n<\/style>\n\t<\/div>\n\t\n\n\t\t\t<\/div>\n\t\t<\/div>\n\t<\/div>\n\t\n\n\t\t<\/div>\n\t\t\t<\/div>\n\n\t\n\n\t<div id=\"col-1384734836\" class=\"col medium-3 small-12 large-3\"  >\n\t\t<div class=\"col-inner\"  >\n\t\t\t\n\t\t\t\n\n\t<div class=\"box has-hover   has-hover box-text-bottom\" >\n\n\t\t<div class=\"box-image\" >\n\t\t\t<a href=\"https:\/\/lapoderosagoods.com\/de\/tag\/triumph-scrambler-900-de\/\"  >\t\t\t<div class=\"\" >\n\t\t\t\t<img width=\"600\" height=\"400\" src=\"https:\/\/lapoderosagoods.com\/wp-content\/uploads\/2022\/12\/lapoderosagoods-Triumph-Scrambler-900.jpg\" class=\"attachment- size-\" alt=\"\" loading=\"lazy\" \/>\t\t\t\t\t\t\t\t\t\t\t<\/div>\n\t\t\t<\/a>\t\t<\/div>\n\n\t\t<div class=\"box-text text-center\" >\n\t\t\t<div class=\"box-text-inner\">\n\t\t\t\t\n\n\t<div id=\"text-438418841\" class=\"text\">\n\t\t\n\n<h2><a href=\"https:\/\/lapoderosagoods.com\/de\/tag\/triumph-scrambler-900-de\/\">TRIUMPH Scrambler 900<\/a><\/h2>\n\t\t\n<style>\n#text-438418841 {\n  font-size: 0.75rem;\n  line-height: 0.75;\n  text-align: center;\n}\n<\/style>\n\t<\/div>\n\t\n\n\t\t\t<\/div>\n\t\t<\/div>\n\t<\/div>\n\t\n\n\t\t<\/div>\n\t\t\t<\/div>\n\n\t\n\n\t<div id=\"col-2031271098\" class=\"col medium-3 small-12 large-3\"  >\n\t\t<div class=\"col-inner\"  >\n\t\t\t\n\t\t\t\n\n\t<div class=\"box has-hover   has-hover box-text-bottom\" >\n\n\t\t<div class=\"box-image\" >\n\t\t\t<a href=\"https:\/\/lapoderosagoods.com\/de\/tag\/triumph-scrambler-1200-de\/\"  >\t\t\t<div class=\"\" >\n\t\t\t\t<img width=\"600\" height=\"400\" src=\"https:\/\/lapoderosagoods.com\/wp-content\/uploads\/2021\/06\/lapoderosagoods-TRIUMPH-scrambler.jpg\" class=\"attachment- size-\" alt=\"\" loading=\"lazy\" \/>\t\t\t\t\t\t\t\t\t\t\t<\/div>\n\t\t\t<\/a>\t\t<\/div>\n\n\t\t<div class=\"box-text text-center\" >\n\t\t\t<div class=\"box-text-inner\">\n\t\t\t\t\n\n\t<div id=\"text-4271973483\" class=\"text\">\n\t\t\n\n<h2><a href=\"https:\/\/lapoderosagoods.com\/de\/tag\/triumph-scrambler-1200-de\/\">TRIUMPH Scrambler 1200<\/a><\/h2>\n\t\t\n<style>\n#text-4271973483 {\n  font-size: 0.75rem;\n  line-height: 0.75;\n  text-align: center;\n}\n<\/style>\n\t<\/div>\n\t\n\n\t\t\t<\/div>\n\t\t<\/div>\n\t<\/div>\n\t\n\n\t\t<\/div>\n\t\t\t<\/div>\n\n\t\n\n\t<div id=\"col-978723013\" class=\"col medium-3 small-12 large-3\"  >\n\t\t<div class=\"col-inner\"  >\n\t\t\t\n\t\t\t\n\n\t<div class=\"box has-hover   has-hover box-text-bottom\" >\n\n\t\t<div class=\"box-image\" >\n\t\t\t<a href=\"https:\/\/lapoderosagoods.com\/de\/tag\/triumph-street-scrambler-de\/\"  >\t\t\t<div class=\"\" >\n\t\t\t\t<img width=\"600\" height=\"400\" src=\"https:\/\/lapoderosagoods.com\/wp-content\/uploads\/2021\/06\/lapoderosagoods-TRIUMPH-streetscrambler.jpg\" class=\"attachment- size-\" alt=\"\" loading=\"lazy\" \/>\t\t\t\t\t\t\t\t\t\t\t<\/div>\n\t\t\t<\/a>\t\t<\/div>\n\n\t\t<div class=\"box-text text-center\" >\n\t\t\t<div class=\"box-text-inner\">\n\t\t\t\t\n\n\t<div id=\"text-1917132244\" class=\"text\">\n\t\t\n\n<h2><a href=\"https:\/\/lapoderosagoods.com\/de\/tag\/triumph-street-scrambler-de\/\">TRIUMPH Street Scrambler<\/a><\/h2>\n\t\t\n<style>\n#text-1917132244 {\n  font-size: 0.75rem;\n  line-height: 0.75;\n  text-align: center;\n}\n<\/style>\n\t<\/div>\n\t\n\n\t\t\t<\/div>\n\t\t<\/div>\n\t<\/div>\n\t\n\n\t\t<\/div>\n\t\t\t<\/div>\n\n\t\n\n\t<div id=\"col-1022322219\" class=\"col medium-3 small-12 large-3\"  >\n\t\t<div class=\"col-inner\"  >\n\t\t\t\n\t\t\t\n\n\t<div class=\"box has-hover   has-hover box-text-bottom\" >\n\n\t\t<div class=\"box-image\" >\n\t\t\t<a href=\"https:\/\/lapoderosagoods.com\/de\/tag\/triumph-speedmaster-de\/\"  >\t\t\t<div class=\"\" >\n\t\t\t\t<img width=\"600\" height=\"400\" src=\"https:\/\/lapoderosagoods.com\/wp-content\/uploads\/2022\/10\/lapoderosagoods-Triumph-speedmaster.jpg\" class=\"attachment- size-\" alt=\"\" loading=\"lazy\" \/>\t\t\t\t\t\t\t\t\t\t\t<\/div>\n\t\t\t<\/a>\t\t<\/div>\n\n\t\t<div class=\"box-text text-center\" >\n\t\t\t<div class=\"box-text-inner\">\n\t\t\t\t\n\n\t<div id=\"text-2002583618\" class=\"text\">\n\t\t\n\n<h2><a href=\"https:\/\/lapoderosagoods.com\/de\/tag\/triumph-speedmaster-de\/\">TRIUMPH Speedmaster<\/a><\/h2>\n\t\t\n<style>\n#text-2002583618 {\n  font-size: 0.75rem;\n  line-height: 0.75;\n  text-align: center;\n}\n<\/style>\n\t<\/div>\n\t\n\n\t\t\t<\/div>\n\t\t<\/div>\n\t<\/div>\n\t\n\n\t\t<\/div>\n\t\t\t<\/div>\n\n\t\n\n\t<div id=\"col-1325840782\" class=\"col medium-3 small-12 large-3\"  >\n\t\t<div class=\"col-inner\"  >\n\t\t\t\n\t\t\t\n\n\t<div class=\"box has-hover   has-hover box-text-bottom\" >\n\n\t\t<div class=\"box-image\" >\n\t\t\t<a href=\"https:\/\/lapoderosagoods.com\/de\/tag\/triumph-thruxton-900-de\/\"  >\t\t\t<div class=\"\" >\n\t\t\t\t<img width=\"600\" height=\"400\" src=\"https:\/\/lapoderosagoods.com\/wp-content\/uploads\/2021\/06\/lapoderosagoods-TRIUMPH-thruxton.jpg\" class=\"attachment- size-\" alt=\"\" loading=\"lazy\" \/>\t\t\t\t\t\t\t\t\t\t\t<\/div>\n\t\t\t<\/a>\t\t<\/div>\n\n\t\t<div class=\"box-text text-center\" >\n\t\t\t<div class=\"box-text-inner\">\n\t\t\t\t\n\n\t<div id=\"text-3399162301\" class=\"text\">\n\t\t\n\n<h2><a href=\"https:\/\/lapoderosagoods.com\/de\/tag\/triumph-thruxton-900-de\/\">TRIUMPH Thruxton 900<\/a><\/h2>\n\t\t\n<style>\n#text-3399162301 {\n  font-size: 0.75rem;\n  line-height: 0.75;\n  text-align: center;\n}\n<\/style>\n\t<\/div>\n\t\n\n\t\t\t<\/div>\n\t\t<\/div>\n\t<\/div>\n\t\n\n\t\t<\/div>\n\t\t\t<\/div>\n\n\t\n\n\t<div id=\"col-352788221\" class=\"col medium-3 small-12 large-3\"  >\n\t\t<div class=\"col-inner\"  >\n\t\t\t\n\t\t\t\n\n\t<div class=\"box has-hover   has-hover box-text-bottom\" >\n\n\t\t<div class=\"box-image\" >\n\t\t\t<a href=\"https:\/\/lapoderosagoods.com\/de\/tag\/triumph-thruxton-1200-de\/\"  >\t\t\t<div class=\"\" >\n\t\t\t\t<img width=\"600\" height=\"400\" src=\"https:\/\/lapoderosagoods.com\/wp-content\/uploads\/2022\/10\/lapoderosagoods-Triumph-Thruxton-Euro5.jpg\" class=\"attachment- size-\" alt=\"\" loading=\"lazy\" \/>\t\t\t\t\t\t\t\t\t\t\t<\/div>\n\t\t\t<\/a>\t\t<\/div>\n\n\t\t<div class=\"box-text text-center\" >\n\t\t\t<div class=\"box-text-inner\">\n\t\t\t\t\n\n\t<div id=\"text-3473962787\" class=\"text\">\n\t\t\n\n<h2><a href=\"https:\/\/lapoderosagoods.com\/de\/tag\/triumph-thruxton-1200-de\/\">TRIUMPH Thruxton 1200<\/a><\/h2>\n\t\t\n<style>\n#text-3473962787 {\n  font-size: 0.75rem;\n  line-height: 0.75;\n  text-align: center;\n}\n<\/style>\n\t<\/div>\n\t\n\n\t\t\t<\/div>\n\t\t<\/div>\n\t<\/div>\n\t\n\n\t\t<\/div>\n\t\t\t<\/div>\n\n\t\n\n\n<style>\n#row-1406444053 > .col > .col-inner {\n  padding: 35px 0px 0px 0px;\n}\n<\/style>\n<\/div>\n<div class=\"is-divider divider clearfix\" style=\"max-width:100%;height:5px;\"><\/div>\n\n\t<div id=\"text-2595838430\" class=\"text\">\n\t\t\n\n<p>Sie k\u00f6nnen Ihr Modell nicht finden? Versuchen Sie es mit der Suchmaschine:<\/p>\n\t\t\n<style>\n#text-2595838430 {\n  text-align: center;\n}\n<\/style>\n\t<\/div>\n\t\n<div class=\"searchform-wrapper ux-search-box relative form-flat is-normal\"><form role=\"search\" method=\"get\" class=\"searchform\" action=\"https:\/\/lapoderosagoods.com\/de\/\">\n\t<div class=\"flex-row relative\">\n\t\t\t\t\t\t<div class=\"flex-col flex-grow\">\n\t\t\t<label class=\"screen-reader-text\" for=\"woocommerce-product-search-field-0\">Suche nach:<\/label>\n\t\t\t<input type=\"search\" id=\"woocommerce-product-search-field-0\" class=\"search-field mb-0\" placeholder=\"Suche&hellip;\" value=\"\" name=\"s\" \/>\n\t\t\t<input type=\"hidden\" name=\"post_type\" value=\"product\" \/>\n\t\t\t\t\t\t\t<input type=\"hidden\" name=\"lang\" value=\"de\" \/>\n\t\t\t\t\t<\/div>\n\t\t<div class=\"flex-col\">\n\t\t\t<button type=\"submit\" value=\"Suche\" class=\"ux-search-submit submit-button secondary button icon mb-0\" aria-label=\"Submit\">\n\t\t\t\t<i class=\"icon-search\" ><\/i>\t\t\t<\/button>\n\t\t<\/div>\n\t<\/div>\n\t<div class=\"live-search-results text-left z-top\"><\/div>\n<\/form>\n<\/div>\n\n\n","protected":false},"excerpt":{"rendered":"","protected":false},"author":1,"featured_media":0,"parent":2902,"menu_order":0,"comment_status":"closed","ping_status":"closed","template":"","meta":{"spay_email":""},"yoast_head":"<!-- This site is optimized with the Yoast SEO plugin v16.8 - https:\/\/yoast.com\/wordpress\/plugins\/seo\/ -->\n<title>TRIUMPH - La Poderosa Goods - Satteltaschen, Gep\u00e4ck und Premium-Motorradzubeh\u00f6r<\/title>\n<meta name=\"robots\" content=\"index, follow, max-snippet:-1, max-image-preview:large, max-video-preview:-1\" \/>\n<link rel=\"canonical\" href=\"https:\/\/lapoderosagoods.com\/de\/dein-motorrad\/triumph\/\" \/>\n<meta property=\"og:locale\" content=\"de_DE\" \/>\n<meta property=\"og:type\" content=\"article\" \/>\n<meta property=\"og:title\" content=\"TRIUMPH - La Poderosa Goods - Satteltaschen, Gep\u00e4ck und Premium-Motorradzubeh\u00f6r\" \/>\n<meta property=\"og:url\" content=\"https:\/\/lapoderosagoods.com\/de\/dein-motorrad\/triumph\/\" \/>\n<meta property=\"og:site_name\" content=\"La Poderosa Goods - Satteltaschen, Gep\u00e4ck und Premium-Motorradzubeh\u00f6r\" \/>\n<meta property=\"article:modified_time\" content=\"2025-03-06T07:20:23+00:00\" \/>\n<meta property=\"og:image\" content=\"https:\/\/lapoderosagoods.com\/wp-content\/uploads\/2019\/10\/poderosa.png\" \/>\n\t<meta property=\"og:image:width\" content=\"290\" \/>\n\t<meta property=\"og:image:height\" content=\"209\" \/>\n<meta name=\"twitter:card\" content=\"summary_large_image\" \/>\n<meta name=\"twitter:label1\" content=\"Gesch\u00e4tzte Lesezeit\" \/>\n\t<meta name=\"twitter:data1\" content=\"3 Minuten\" \/>\n<script type=\"application\/ld+json\" class=\"yoast-schema-graph\">{\"@context\":\"https:\/\/schema.org\",\"@graph\":[{\"@type\":\"Organization\",\"@id\":\"https:\/\/lapoderosagoods.com\/#organization\",\"name\":\"La Poderosa Classic Goods\",\"url\":\"https:\/\/lapoderosagoods.com\/\",\"sameAs\":[],\"logo\":{\"@type\":\"ImageObject\",\"@id\":\"https:\/\/lapoderosagoods.com\/#logo\",\"inLanguage\":\"de-DE\",\"url\":\"https:\/\/lapoderosagoods.com\/wp-content\/uploads\/2019\/10\/poderosa.png\",\"contentUrl\":\"https:\/\/lapoderosagoods.com\/wp-content\/uploads\/2019\/10\/poderosa.png\",\"width\":290,\"height\":209,\"caption\":\"La Poderosa Classic Goods\"},\"image\":{\"@id\":\"https:\/\/lapoderosagoods.com\/#logo\"}},{\"@type\":\"WebSite\",\"@id\":\"https:\/\/lapoderosagoods.com\/#website\",\"url\":\"https:\/\/lapoderosagoods.com\/\",\"name\":\"La Poderosa Goods - Satteltaschen, Gep\\u00e4ck und Premium-Motorradzubeh\\u00f6r\",\"description\":\"Gep\\u00e4ck, St\\u00e4nder, Satteltaschen und Zubeh\\u00f6r f\\u00fcr Klassiker, Caf\\u00e9 Racer oder Adventure Bikes. \",\"publisher\":{\"@id\":\"https:\/\/lapoderosagoods.com\/#organization\"},\"potentialAction\":[{\"@type\":\"SearchAction\",\"target\":{\"@type\":\"EntryPoint\",\"urlTemplate\":\"https:\/\/lapoderosagoods.com\/?s={search_term_string}\"},\"query-input\":\"required name=search_term_string\"}],\"inLanguage\":\"de-DE\"},{\"@type\":\"WebPage\",\"@id\":\"https:\/\/lapoderosagoods.com\/de\/dein-motorrad\/triumph\/#webpage\",\"url\":\"https:\/\/lapoderosagoods.com\/de\/dein-motorrad\/triumph\/\",\"name\":\"TRIUMPH - La Poderosa Goods - Satteltaschen, Gep\\u00e4ck und Premium-Motorradzubeh\\u00f6r\",\"isPartOf\":{\"@id\":\"https:\/\/lapoderosagoods.com\/#website\"},\"datePublished\":\"2021-06-24T08:22:53+00:00\",\"dateModified\":\"2025-03-06T07:20:23+00:00\",\"breadcrumb\":{\"@id\":\"https:\/\/lapoderosagoods.com\/de\/dein-motorrad\/triumph\/#breadcrumb\"},\"inLanguage\":\"de-DE\",\"potentialAction\":[{\"@type\":\"ReadAction\",\"target\":[\"https:\/\/lapoderosagoods.com\/de\/dein-motorrad\/triumph\/\"]}]},{\"@type\":\"BreadcrumbList\",\"@id\":\"https:\/\/lapoderosagoods.com\/de\/dein-motorrad\/triumph\/#breadcrumb\",\"itemListElement\":[{\"@type\":\"ListItem\",\"position\":1,\"name\":\"Portada\",\"item\":\"https:\/\/lapoderosagoods.com\/\"},{\"@type\":\"ListItem\",\"position\":2,\"name\":\"Dein Motorrad\",\"item\":\"https:\/\/lapoderosagoods.com\/de\/dein-motorrad\/\"},{\"@type\":\"ListItem\",\"position\":3,\"name\":\"TRIUMPH\"}]}]}<\/script>\n<!-- \/ Yoast SEO plugin. -->","yoast_head_json":{"title":"TRIUMPH - La Poderosa Goods - Satteltaschen, Gep\u00e4ck und Premium-Motorradzubeh\u00f6r","robots":{"index":"index","follow":"follow","max-snippet":"max-snippet:-1","max-image-preview":"max-image-preview:large","max-video-preview":"max-video-preview:-1"},"canonical":"https:\/\/lapoderosagoods.com\/de\/dein-motorrad\/triumph\/","og_locale":"de_DE","og_type":"article","og_title":"TRIUMPH - La Poderosa Goods - Satteltaschen, Gep\u00e4ck und Premium-Motorradzubeh\u00f6r","og_url":"https:\/\/lapoderosagoods.com\/de\/dein-motorrad\/triumph\/","og_site_name":"La Poderosa Goods - Satteltaschen, Gep\u00e4ck und Premium-Motorradzubeh\u00f6r","article_modified_time":"2025-03-06T07:20:23+00:00","og_image":[{"width":290,"height":209,"url":"https:\/\/lapoderosagoods.com\/wp-content\/uploads\/2019\/10\/poderosa.png","path":"\/home\/spainmot\/lapoderosagoods\/wp-content\/uploads\/2019\/10\/poderosa.png","size":"full","id":269,"alt":"","pixels":60610,"type":"image\/png"}],"twitter_card":"summary_large_image","twitter_misc":{"Gesch\u00e4tzte Lesezeit":"3 Minuten"},"schema":{"@context":"https:\/\/schema.org","@graph":[{"@type":"Organization","@id":"https:\/\/lapoderosagoods.com\/#organization","name":"La Poderosa Classic Goods","url":"https:\/\/lapoderosagoods.com\/","sameAs":[],"logo":{"@type":"ImageObject","@id":"https:\/\/lapoderosagoods.com\/#logo","inLanguage":"de-DE","url":"https:\/\/lapoderosagoods.com\/wp-content\/uploads\/2019\/10\/poderosa.png","contentUrl":"https:\/\/lapoderosagoods.com\/wp-content\/uploads\/2019\/10\/poderosa.png","width":290,"height":209,"caption":"La Poderosa Classic Goods"},"image":{"@id":"https:\/\/lapoderosagoods.com\/#logo"}},{"@type":"WebSite","@id":"https:\/\/lapoderosagoods.com\/#website","url":"https:\/\/lapoderosagoods.com\/","name":"La Poderosa Goods - Satteltaschen, Gep\u00e4ck und Premium-Motorradzubeh\u00f6r","description":"Gep\u00e4ck, St\u00e4nder, Satteltaschen und Zubeh\u00f6r f\u00fcr Klassiker, Caf\u00e9 Racer oder Adventure Bikes. ","publisher":{"@id":"https:\/\/lapoderosagoods.com\/#organization"},"potentialAction":[{"@type":"SearchAction","target":{"@type":"EntryPoint","urlTemplate":"https:\/\/lapoderosagoods.com\/?s={search_term_string}"},"query-input":"required name=search_term_string"}],"inLanguage":"de-DE"},{"@type":"WebPage","@id":"https:\/\/lapoderosagoods.com\/de\/dein-motorrad\/triumph\/#webpage","url":"https:\/\/lapoderosagoods.com\/de\/dein-motorrad\/triumph\/","name":"TRIUMPH - La Poderosa Goods - Satteltaschen, Gep\u00e4ck und Premium-Motorradzubeh\u00f6r","isPartOf":{"@id":"https:\/\/lapoderosagoods.com\/#website"},"datePublished":"2021-06-24T08:22:53+00:00","dateModified":"2025-03-06T07:20:23+00:00","breadcrumb":{"@id":"https:\/\/lapoderosagoods.com\/de\/dein-motorrad\/triumph\/#breadcrumb"},"inLanguage":"de-DE","potentialAction":[{"@type":"ReadAction","target":["https:\/\/lapoderosagoods.com\/de\/dein-motorrad\/triumph\/"]}]},{"@type":"BreadcrumbList","@id":"https:\/\/lapoderosagoods.com\/de\/dein-motorrad\/triumph\/#breadcrumb","itemListElement":[{"@type":"ListItem","position":1,"name":"Portada","item":"https:\/\/lapoderosagoods.com\/"},{"@type":"ListItem","position":2,"name":"Dein Motorrad","item":"https:\/\/lapoderosagoods.com\/de\/dein-motorrad\/"},{"@type":"ListItem","position":3,"name":"TRIUMPH"}]}]}},"_links":{"self":[{"href":"https:\/\/lapoderosagoods.com\/de\/wp-json\/wp\/v2\/pages\/2979"}],"collection":[{"href":"https:\/\/lapoderosagoods.com\/de\/wp-json\/wp\/v2\/pages"}],"about":[{"href":"https:\/\/lapoderosagoods.com\/de\/wp-json\/wp\/v2\/types\/page"}],"author":[{"embeddable":true,"href":"https:\/\/lapoderosagoods.com\/de\/wp-json\/wp\/v2\/users\/1"}],"replies":[{"embeddable":true,"href":"https:\/\/lapoderosagoods.com\/de\/wp-json\/wp\/v2\/comments?post=2979"}],"version-history":[{"count":17,"href":"https:\/\/lapoderosagoods.com\/de\/wp-json\/wp\/v2\/pages\/2979\/revisions"}],"predecessor-version":[{"id":21652,"href":"https:\/\/lapoderosagoods.com\/de\/wp-json\/wp\/v2\/pages\/2979\/revisions\/21652"}],"up":[{"embeddable":true,"href":"https:\/\/lapoderosagoods.com\/de\/wp-json\/wp\/v2\/pages\/2902"}],"wp:attachment":[{"href":"https:\/\/lapoderosagoods.com\/de\/wp-json\/wp\/v2\/media?parent=2979"}],"curies":[{"name":"wp","href":"https:\/\/api.w.org\/{rel}","templated":true}]}}