{"id":2976,"date":"2021-06-24T10:22:28","date_gmt":"2021-06-24T08:22:28","guid":{"rendered":"https:\/\/lapoderosagoods.spainmotoexperiences.es\/dein-motorrad\/royal-enfield\/"},"modified":"2025-02-25T08:58:02","modified_gmt":"2025-02-25T07:58:02","slug":"royal-enfield","status":"publish","type":"page","link":"https:\/\/lapoderosagoods.com\/de\/dein-motorrad\/royal-enfield\/","title":{"rendered":"ROYAL ENFIELD"},"content":{"rendered":"\n  <div id=\"page-header-1813447137\" class=\"page-header-wrapper\">\n  <div class=\"page-title dark normal-title\">\n\n        <div class=\"page-title-bg\">\n      <div class=\"title-bg fill bg-fill\"\n        data-parallax-container=\".page-title\"\n        data-parallax-background\n        data-parallax=\"-\">\n      <\/div>\n      <div class=\"title-overlay fill\"><\/div>\n    <\/div>\n    \n    <div class=\"page-title-inner container align-center text-center flex-row-col medium-flex-wrap\" >\n              <div class=\"title-wrapper uppercase flex-col\">\n          <h1 class=\"entry-title mb-0\">\n            ROYAL ENFIELD          <\/h1>\n        <\/div>\n                    <div class=\"title-content flex-col\">\n        <ul class=\"nav sm-touch-scroll nav-line nav-uppercase text-center nav-center\"><li class=\"nav-single-page hidden\"><\/li><\/ul>      <\/div>\n    <\/div>\n\n     \n<style>\n#page-header-1813447137 .page-title-inner {\n  min-height: 200px;\n}\n#page-header-1813447137 .title-bg {\n  background-image: url(https:\/\/lapoderosagoods.com\/wp-content\/uploads\/2021\/06\/lapoderosagoods-ROYALENFIELD.png);\n}\n<\/style>\n  <\/div>\n    <\/div>\n  \n\n<div class=\"row align-center\"  id=\"row-1327817427\">\n\n\n\t<div id=\"col-212315576\" class=\"col medium-3 small-12 large-3\"  >\n\t\t<div class=\"col-inner\"  >\n\t\t\t\n\t\t\t\n\n\t<div class=\"box has-hover   has-hover box-text-bottom\" >\n\n\t\t<div class=\"box-image\" >\n\t\t\t<a href=\"\/de\/tag\/royal-enfield-bear-650-de\/\"  >\t\t\t<div class=\"\" >\n\t\t\t\t<img width=\"600\" height=\"400\" src=\"https:\/\/lapoderosagoods.com\/wp-content\/uploads\/2025\/02\/lapoderosagoods-Royal-Enfield-Bear-650.jpg\" class=\"attachment- size-\" alt=\"La Poderosa Goods Royal Enfield Bear 650\" loading=\"lazy\" \/>\t\t\t\t\t\t\t\t\t\t\t<\/div>\n\t\t\t<\/a>\t\t<\/div>\n\n\t\t<div class=\"box-text text-center\" >\n\t\t\t<div class=\"box-text-inner\">\n\t\t\t\t\n\n\t<div id=\"text-2223931004\" class=\"text\">\n\t\t\n\n<h2><a href=\"\/de\/tag\/royal-enfield-bear-650-de\/\">Royal Enfield Bear 650<\/a><\/h2>\n\t\t\n<style>\n#text-2223931004 {\n  font-size: 0.75rem;\n  line-height: 0.75;\n  text-align: center;\n}\n<\/style>\n\t<\/div>\n\t\n\n\t\t\t<\/div>\n\t\t<\/div>\n\t<\/div>\n\t\n\n\t\t<\/div>\n\t\t\t<\/div>\n\n\t\n\n\t<div id=\"col-1226621322\" class=\"col medium-3 small-12 large-3\"  >\n\t\t<div class=\"col-inner\"  >\n\t\t\t\n\t\t\t\n\n\t<div class=\"box has-hover   has-hover box-text-bottom\" >\n\n\t\t<div class=\"box-image\" >\n\t\t\t<a href=\"\/de\/tag\/royal-enfield-classic-350-de\/\"  >\t\t\t<div class=\"\" >\n\t\t\t\t<img width=\"600\" height=\"400\" src=\"https:\/\/lapoderosagoods.com\/wp-content\/uploads\/2023\/08\/lapoderosagoods-Royal-Enfield-Classic-350.jpg\" class=\"attachment- size-\" alt=\"Royal Enfield Classic 350\" loading=\"lazy\" \/>\t\t\t\t\t\t\t\t\t\t\t<\/div>\n\t\t\t<\/a>\t\t<\/div>\n\n\t\t<div class=\"box-text text-center\" >\n\t\t\t<div class=\"box-text-inner\">\n\t\t\t\t\n\n\t<div id=\"text-3911677510\" class=\"text\">\n\t\t\n\n<h2><a href=\"\/de\/tag\/royal-enfield-classic-350-de\/\">ROYAL ENFIELD Classic 350<\/a><\/h2>\n\t\t\n<style>\n#text-3911677510 {\n  font-size: 0.75rem;\n  line-height: 0.75;\n  text-align: center;\n}\n<\/style>\n\t<\/div>\n\t\n\n\t\t\t<\/div>\n\t\t<\/div>\n\t<\/div>\n\t\n\n\t\t<\/div>\n\t\t\t<\/div>\n\n\t\n\n\t<div id=\"col-107326771\" class=\"col medium-3 small-12 large-3\"  >\n\t\t<div class=\"col-inner\"  >\n\t\t\t\n\t\t\t\n\n\t<div class=\"box has-hover   has-hover box-text-bottom\" >\n\n\t\t<div class=\"box-image\" >\n\t\t\t<a href=\"\/de\/tag\/royal-enfield-classic-500-de\/\"  >\t\t\t<div class=\"\" >\n\t\t\t\t<img width=\"600\" height=\"400\" src=\"https:\/\/lapoderosagoods.com\/wp-content\/uploads\/2023\/08\/lapoderosagoods-Royal-Enfield-Classic-500.jpg\" class=\"attachment- size-\" alt=\"Royal Enfield Classic 500\" loading=\"lazy\" \/>\t\t\t\t\t\t\t\t\t\t\t<\/div>\n\t\t\t<\/a>\t\t<\/div>\n\n\t\t<div class=\"box-text text-center\" >\n\t\t\t<div class=\"box-text-inner\">\n\t\t\t\t\n\n\t<div id=\"text-3757688676\" class=\"text\">\n\t\t\n\n<h2><a href=\"\/de\/tag\/royal-enfield-classic-500-de\/\">ROYAL ENFIELD Classic 500<\/a><\/h2>\n\t\t\n<style>\n#text-3757688676 {\n  font-size: 0.75rem;\n  line-height: 0.75;\n  text-align: center;\n}\n<\/style>\n\t<\/div>\n\t\n\n\t\t\t<\/div>\n\t\t<\/div>\n\t<\/div>\n\t\n\n\t\t<\/div>\n\t\t\t<\/div>\n\n\t\n\n\t<div id=\"col-1252713882\" class=\"col medium-3 small-12 large-3\"  >\n\t\t<div class=\"col-inner\"  >\n\t\t\t\n\t\t\t\n\n\t<div class=\"box has-hover   has-hover box-text-bottom\" >\n\n\t\t<div class=\"box-image\" >\n\t\t\t<a href=\"\/de\/tag\/royal-enfield-classic-650-de\/\"  >\t\t\t<div class=\"\" >\n\t\t\t\t<img width=\"600\" height=\"400\" src=\"https:\/\/lapoderosagoods.com\/wp-content\/uploads\/2025\/02\/lapoderosagoods-Royal-Enfield-Classic-650.jpg\" class=\"attachment- size-\" alt=\"La Poderosa Goods Royal Enfield Classic 650\" loading=\"lazy\" \/>\t\t\t\t\t\t\t\t\t\t\t<\/div>\n\t\t\t<\/a>\t\t<\/div>\n\n\t\t<div class=\"box-text text-center\" >\n\t\t\t<div class=\"box-text-inner\">\n\t\t\t\t\n\n\t<div id=\"text-2462391889\" class=\"text\">\n\t\t\n\n<h2><a href=\"\/de\/tag\/royal-enfield-classic-650-de\/\">Royal Enfield Classic 650<\/a><\/h2>\n\t\t\n<style>\n#text-2462391889 {\n  font-size: 0.75rem;\n  line-height: 0.75;\n  text-align: center;\n}\n<\/style>\n\t<\/div>\n\t\n\n\t\t\t<\/div>\n\t\t<\/div>\n\t<\/div>\n\t\n\n\t\t<\/div>\n\t\t\t<\/div>\n\n\t\n\n\t<div id=\"col-1487540854\" class=\"col medium-3 small-12 large-3\"  >\n\t\t<div class=\"col-inner\"  >\n\t\t\t\n\t\t\t\n\n\t<div class=\"box has-hover   has-hover box-text-bottom\" >\n\n\t\t<div class=\"box-image\" >\n\t\t\t<a href=\"\/de\/tag\/royal-enfield-continental-gt-500-de\/\"  >\t\t\t<div class=\"\" >\n\t\t\t\t<img width=\"600\" height=\"400\" src=\"https:\/\/lapoderosagoods.com\/wp-content\/uploads\/2022\/10\/lapoderosagoods-Royal-Enfield-Continental-GT-500.jpg\" class=\"attachment- size-\" alt=\"\" loading=\"lazy\" \/>\t\t\t\t\t\t\t\t\t\t\t<\/div>\n\t\t\t<\/a>\t\t<\/div>\n\n\t\t<div class=\"box-text text-center\" >\n\t\t\t<div class=\"box-text-inner\">\n\t\t\t\t\n\n\t<div id=\"text-2605736335\" class=\"text\">\n\t\t\n\n<h2><a href=\"\/de\/tag\/royal-enfield-continental-gt-500-de\/\">ROYAL ENFIELD Continental GT 500<\/a><\/h2>\n\t\t\n<style>\n#text-2605736335 {\n  font-size: 0.75rem;\n  line-height: 0.75;\n  text-align: center;\n}\n<\/style>\n\t<\/div>\n\t\n\n\t\t\t<\/div>\n\t\t<\/div>\n\t<\/div>\n\t\n\n\t\t<\/div>\n\t\t\t<\/div>\n\n\t\n\n\t<div id=\"col-1598771232\" class=\"col medium-3 small-12 large-3\"  >\n\t\t<div class=\"col-inner\"  >\n\t\t\t\n\t\t\t\n\n\t<div class=\"box has-hover   has-hover box-text-bottom\" >\n\n\t\t<div class=\"box-image\" >\n\t\t\t<a href=\"\/de\/tag\/royal-enfield-continental-gt-650-de\/\"  >\t\t\t<div class=\"\" >\n\t\t\t\t<img width=\"600\" height=\"400\" src=\"https:\/\/lapoderosagoods.com\/wp-content\/uploads\/2022\/10\/lapoderosagoods-Royal-Enfield-Continental-GT-650.jpg\" class=\"attachment- size-\" alt=\"\" loading=\"lazy\" \/>\t\t\t\t\t\t\t\t\t\t\t<\/div>\n\t\t\t<\/a>\t\t<\/div>\n\n\t\t<div class=\"box-text text-center\" >\n\t\t\t<div class=\"box-text-inner\">\n\t\t\t\t\n\n\t<div id=\"text-3891129998\" class=\"text\">\n\t\t\n\n<h2><a href=\"\/de\/tag\/royal-enfield-continental-gt-650-de\/\">ROYAL ENFIELD Continental GT 650<\/a><\/h2>\n\t\t\n<style>\n#text-3891129998 {\n  font-size: 0.75rem;\n  line-height: 0.75;\n  text-align: center;\n}\n<\/style>\n\t<\/div>\n\t\n\n\t\t\t<\/div>\n\t\t<\/div>\n\t<\/div>\n\t\n\n\t\t<\/div>\n\t\t\t<\/div>\n\n\t\n\n\t<div id=\"col-417642659\" class=\"col medium-3 small-12 large-3\"  >\n\t\t<div class=\"col-inner\"  >\n\t\t\t\n\t\t\t\n\n\t<div class=\"box has-hover   has-hover box-text-bottom\" >\n\n\t\t<div class=\"box-image\" >\n\t\t\t<a href=\"\/de\/tag\/royal-enfield-guerrilla-450-de\/\"  >\t\t\t<div class=\"\" >\n\t\t\t\t<img width=\"600\" height=\"400\" src=\"https:\/\/lapoderosagoods.com\/wp-content\/uploads\/2024\/10\/lapoderosagoods-Royal-Enfield-Guerrilla-450.jpg\" class=\"attachment- size-\" alt=\"Royal Enfield Guerrilla 450\" loading=\"lazy\" \/>\t\t\t\t\t\t\t\t\t\t\t<\/div>\n\t\t\t<\/a>\t\t<\/div>\n\n\t\t<div class=\"box-text text-center\" >\n\t\t\t<div class=\"box-text-inner\">\n\t\t\t\t\n\n\t<div id=\"text-4092374277\" class=\"text\">\n\t\t\n\n<h2><a href=\"\/de\/tag\/royal-enfield-guerrilla-450-de\/\">ROYAL ENFIELD Guerrilla 450<\/a><\/h2>\n\t\t\n<style>\n#text-4092374277 {\n  font-size: 0.75rem;\n  line-height: 0.75;\n  text-align: center;\n}\n<\/style>\n\t<\/div>\n\t\n\n\t\t\t<\/div>\n\t\t<\/div>\n\t<\/div>\n\t\n\n\t\t<\/div>\n\t\t\t<\/div>\n\n\t\n\n\t<div id=\"col-1042426546\" class=\"col medium-3 small-12 large-3\"  >\n\t\t<div class=\"col-inner\"  >\n\t\t\t\n\t\t\t\n\n\t<div class=\"box has-hover   has-hover box-text-bottom\" >\n\n\t\t<div class=\"box-image\" >\n\t\t\t<a href=\"\/de\/tag\/royal-enfield-himalayan-de\/\"  >\t\t\t<div class=\"\" >\n\t\t\t\t<img width=\"600\" height=\"400\" src=\"https:\/\/lapoderosagoods.com\/wp-content\/uploads\/2021\/11\/lapoderosagoods-Royal-Enfield-Himalayan.jpg\" class=\"attachment- size-\" alt=\"\" loading=\"lazy\" \/>\t\t\t\t\t\t\t\t\t\t\t<\/div>\n\t\t\t<\/a>\t\t<\/div>\n\n\t\t<div class=\"box-text text-center\" >\n\t\t\t<div class=\"box-text-inner\">\n\t\t\t\t\n\n\t<div id=\"text-4097144781\" class=\"text\">\n\t\t\n\n<h2><a href=\"\/de\/tag\/royal-enfield-himalayan-de\/\">ROYAL ENFIELD Himalayan<\/a><\/h2>\n\t\t\n<style>\n#text-4097144781 {\n  font-size: 0.75rem;\n  line-height: 0.75;\n  text-align: center;\n}\n<\/style>\n\t<\/div>\n\t\n\n\t\t\t<\/div>\n\t\t<\/div>\n\t<\/div>\n\t\n\n\t\t<\/div>\n\t\t\t<\/div>\n\n\t\n\n\t<div id=\"col-183650894\" class=\"col medium-3 small-12 large-3\"  >\n\t\t<div class=\"col-inner\"  >\n\t\t\t\n\t\t\t\n\n\t<div class=\"box has-hover   has-hover box-text-bottom\" >\n\n\t\t<div class=\"box-image\" >\n\t\t\t<a href=\"\/de\/tag\/royal-enfield-himalayan-450-de\/\"  >\t\t\t<div class=\"\" >\n\t\t\t\t<img width=\"600\" height=\"400\" src=\"https:\/\/lapoderosagoods.com\/wp-content\/uploads\/2024\/07\/lapoderosagoods-Royal-Enfield-Himalayan-450.jpg\" class=\"attachment- size-\" alt=\"Royal Enfield Himalayan 450\" loading=\"lazy\" \/>\t\t\t\t\t\t\t\t\t\t\t<\/div>\n\t\t\t<\/a>\t\t<\/div>\n\n\t\t<div class=\"box-text text-center\" >\n\t\t\t<div class=\"box-text-inner\">\n\t\t\t\t\n\n\t<div id=\"text-391222476\" class=\"text\">\n\t\t\n\n<h2><a href=\"\/de\/tag\/royal-enfield-himalayan-450-de\/\">ROYAL ENFIELD Himalayan 450<\/a><\/h2>\n\t\t\n<style>\n#text-391222476 {\n  font-size: 0.75rem;\n  line-height: 0.75;\n  text-align: center;\n}\n<\/style>\n\t<\/div>\n\t\n\n\t\t\t<\/div>\n\t\t<\/div>\n\t<\/div>\n\t\n\n\t\t<\/div>\n\t\t\t<\/div>\n\n\t\n\n\t<div id=\"col-267147494\" class=\"col medium-3 small-12 large-3\"  >\n\t\t<div class=\"col-inner\"  >\n\t\t\t\n\t\t\t\n\n\t<div class=\"box has-hover   has-hover box-text-bottom\" >\n\n\t\t<div class=\"box-image\" >\n\t\t\t<a href=\"\/de\/tag\/royal-enfield-hunter-350-de\/\"  >\t\t\t<div class=\"\" >\n\t\t\t\t<img width=\"600\" height=\"400\" src=\"https:\/\/lapoderosagoods.com\/wp-content\/uploads\/2022\/10\/lapoderosagoods-Royal-Enfield-Hunter-350.jpg\" class=\"attachment- size-\" alt=\"\" loading=\"lazy\" \/>\t\t\t\t\t\t\t\t\t\t\t<\/div>\n\t\t\t<\/a>\t\t<\/div>\n\n\t\t<div class=\"box-text text-center\" >\n\t\t\t<div class=\"box-text-inner\">\n\t\t\t\t\n\n\t<div id=\"text-3686051420\" class=\"text\">\n\t\t\n\n<h2><a href=\"\/de\/tag\/royal-enfield-hunter-350-de\/\">ROYAL ENFIELD Hunter 350<\/a><\/h2>\n\t\t\n<style>\n#text-3686051420 {\n  font-size: 0.75rem;\n  line-height: 0.75;\n  text-align: center;\n}\n<\/style>\n\t<\/div>\n\t\n\n\t\t\t<\/div>\n\t\t<\/div>\n\t<\/div>\n\t\n\n\t\t<\/div>\n\t\t\t<\/div>\n\n\t\n\n\t<div id=\"col-150940787\" class=\"col medium-3 small-12 large-3\"  >\n\t\t<div class=\"col-inner\"  >\n\t\t\t\n\t\t\t\n\n\t<div class=\"box has-hover   has-hover box-text-bottom\" >\n\n\t\t<div class=\"box-image\" >\n\t\t\t<a href=\"\/de\/tag\/royal-enfield-interceptor-650-de\/\"  >\t\t\t<div class=\"\" >\n\t\t\t\t<img width=\"600\" height=\"400\" src=\"https:\/\/lapoderosagoods.com\/wp-content\/uploads\/2022\/10\/lapoderosagoods-Royal-Enfield-Interceptor-650.jpg\" class=\"attachment- size-\" alt=\"\" loading=\"lazy\" \/>\t\t\t\t\t\t\t\t\t\t\t<\/div>\n\t\t\t<\/a>\t\t<\/div>\n\n\t\t<div class=\"box-text text-center\" >\n\t\t\t<div class=\"box-text-inner\">\n\t\t\t\t\n\n\t<div id=\"text-4003949596\" class=\"text\">\n\t\t\n\n<h2><a href=\"\/de\/tag\/royal-enfield-interceptor-650-de\/\">ROYAL ENFIELD Interceptor 650<\/a><\/h2>\n\t\t\n<style>\n#text-4003949596 {\n  font-size: 0.75rem;\n  line-height: 0.75;\n  text-align: center;\n}\n<\/style>\n\t<\/div>\n\t\n\n\t\t\t<\/div>\n\t\t<\/div>\n\t<\/div>\n\t\n\n\t\t<\/div>\n\t\t\t<\/div>\n\n\t\n\n\t<div id=\"col-635421064\" class=\"col medium-3 small-12 large-3\"  >\n\t\t<div class=\"col-inner\"  >\n\t\t\t\n\t\t\t\n\n\t<div class=\"box has-hover   has-hover box-text-bottom\" >\n\n\t\t<div class=\"box-image\" >\n\t\t\t<a href=\"\/de\/tag\/royal-enfield-meteor-de\/\"  >\t\t\t<div class=\"\" >\n\t\t\t\t<img width=\"600\" height=\"400\" src=\"https:\/\/lapoderosagoods.com\/wp-content\/uploads\/2022\/10\/lapoderosagoods-Royal-Enfield-Meteor.jpg\" class=\"attachment- size-\" alt=\"\" loading=\"lazy\" \/>\t\t\t\t\t\t\t\t\t\t\t<\/div>\n\t\t\t<\/a>\t\t<\/div>\n\n\t\t<div class=\"box-text text-center\" >\n\t\t\t<div class=\"box-text-inner\">\n\t\t\t\t\n\n\t<div id=\"text-2390867466\" class=\"text\">\n\t\t\n\n<h2><a href=\"\/de\/tag\/royal-enfield-meteor-de\/\">ROYAL ENFIELD Meteor<\/a><\/h2>\n\t\t\n<style>\n#text-2390867466 {\n  font-size: 0.75rem;\n  line-height: 0.75;\n  text-align: center;\n}\n<\/style>\n\t<\/div>\n\t\n\n\t\t\t<\/div>\n\t\t<\/div>\n\t<\/div>\n\t\n\n\t\t<\/div>\n\t\t\t<\/div>\n\n\t\n\n\t<div id=\"col-1049112402\" class=\"col medium-3 small-12 large-3\"  >\n\t\t<div class=\"col-inner\"  >\n\t\t\t\n\t\t\t\n\n\t<div class=\"box has-hover   has-hover box-text-bottom\" >\n\n\t\t<div class=\"box-image\" >\n\t\t\t<a href=\"\/de\/tag\/royal-enfield-shotgun-650-de\/\"  >\t\t\t<div class=\"\" >\n\t\t\t\t<img width=\"600\" height=\"400\" src=\"https:\/\/lapoderosagoods.com\/wp-content\/uploads\/2025\/02\/lapoderosagoods-Royal-Enfield-Shotgun-650.jpg\" class=\"attachment- size-\" alt=\"La Poderosa Goods Royal Enfield Shotgun 650\" loading=\"lazy\" \/>\t\t\t\t\t\t\t\t\t\t\t<\/div>\n\t\t\t<\/a>\t\t<\/div>\n\n\t\t<div class=\"box-text text-center\" >\n\t\t\t<div class=\"box-text-inner\">\n\t\t\t\t\n\n\t<div id=\"text-3977114685\" class=\"text\">\n\t\t\n\n<h2><a href=\"\/de\/tag\/royal-enfield-shotgun-650-de\/\">Royal Enfield Shotgun 650<\/a><\/h2>\n\t\t\n<style>\n#text-3977114685 {\n  font-size: 0.75rem;\n  line-height: 0.75;\n  text-align: center;\n}\n<\/style>\n\t<\/div>\n\t\n\n\t\t\t<\/div>\n\t\t<\/div>\n\t<\/div>\n\t\n\n\t\t<\/div>\n\t\t\t<\/div>\n\n\t\n\n\t<div id=\"col-1277125011\" class=\"col medium-3 small-12 large-3\"  >\n\t\t<div class=\"col-inner\"  >\n\t\t\t\n\t\t\t\n\n\t<div class=\"box has-hover   has-hover box-text-bottom\" >\n\n\t\t<div class=\"box-image\" >\n\t\t\t<a href=\"\/de\/tag\/royal-enfield-super-meteor-650-de\/\"  >\t\t\t<div class=\"\" >\n\t\t\t\t<img width=\"600\" height=\"400\" src=\"https:\/\/lapoderosagoods.com\/wp-content\/uploads\/2023\/03\/lapoderosagoods-Royal-Enfield-Super-Meteor-650.jpg\" class=\"attachment- size-\" alt=\"Royal Enfield Super Meteor 650\" loading=\"lazy\" \/>\t\t\t\t\t\t\t\t\t\t\t<\/div>\n\t\t\t<\/a>\t\t<\/div>\n\n\t\t<div class=\"box-text text-center\" >\n\t\t\t<div class=\"box-text-inner\">\n\t\t\t\t\n\n\t<div id=\"text-2980648468\" class=\"text\">\n\t\t\n\n<h2><a href=\"\/de\/tag\/royal-enfield-super-meteor-650-de\/\">ROYAL ENFIELD Super Meteor 650<\/a><\/h2>\n\t\t\n<style>\n#text-2980648468 {\n  font-size: 0.75rem;\n  line-height: 0.75;\n  text-align: center;\n}\n<\/style>\n\t<\/div>\n\t\n\n\t\t\t<\/div>\n\t\t<\/div>\n\t<\/div>\n\t\n\n\t\t<\/div>\n\t\t\t<\/div>\n\n\t\n\n\t<div id=\"col-995792248\" class=\"col medium-3 small-12 large-3\"  >\n\t\t<div class=\"col-inner\"  >\n\t\t\t\n\t\t\t\n\n\t<div class=\"box has-hover   has-hover box-text-bottom\" >\n\n\t\t<div class=\"box-image\" >\n\t\t\t<a href=\"\/de\/tag\/royal-enfield-scram-411-de\/\"  >\t\t\t<div class=\"\" >\n\t\t\t\t<img width=\"600\" height=\"400\" src=\"https:\/\/lapoderosagoods.com\/wp-content\/uploads\/2022\/10\/lapoderosagoods-Royal-Enfield-Scram-411.jpg\" class=\"attachment- size-\" alt=\"\" loading=\"lazy\" \/>\t\t\t\t\t\t\t\t\t\t\t<\/div>\n\t\t\t<\/a>\t\t<\/div>\n\n\t\t<div class=\"box-text text-center\" >\n\t\t\t<div class=\"box-text-inner\">\n\t\t\t\t\n\n\t<div id=\"text-3633512681\" class=\"text\">\n\t\t\n\n<h2><a href=\"\/de\/tag\/royal-enfield-scram-411-de\/\">Royal Enfield Scram 411<\/a><\/h2>\n\t\t\n<style>\n#text-3633512681 {\n  font-size: 0.75rem;\n  line-height: 0.75;\n  text-align: center;\n}\n<\/style>\n\t<\/div>\n\t\n\n\t\t\t<\/div>\n\t\t<\/div>\n\t<\/div>\n\t\n\n\t\t<\/div>\n\t\t\t<\/div>\n\n\t\n\n\n<style>\n#row-1327817427 > .col > .col-inner {\n  padding: 35px 0px 0px 0px;\n}\n<\/style>\n<\/div>\n<div class=\"is-divider divider clearfix\" style=\"max-width:100%;height:5px;\"><\/div>\n\n\t<div id=\"text-2415423800\" class=\"text\">\n\t\t\n\n<p>Sie k\u00f6nnen Ihr Modell nicht finden? Versuchen Sie es mit der Suchmaschine:<\/p>\n\t\t\n<style>\n#text-2415423800 {\n  text-align: center;\n}\n<\/style>\n\t<\/div>\n\t\n<div class=\"searchform-wrapper ux-search-box relative form-flat is-normal\"><form role=\"search\" method=\"get\" class=\"searchform\" action=\"https:\/\/lapoderosagoods.com\/de\/\">\n\t<div class=\"flex-row relative\">\n\t\t\t\t\t\t<div class=\"flex-col flex-grow\">\n\t\t\t<label class=\"screen-reader-text\" for=\"woocommerce-product-search-field-0\">Suche nach:<\/label>\n\t\t\t<input type=\"search\" id=\"woocommerce-product-search-field-0\" class=\"search-field mb-0\" placeholder=\"Suche&hellip;\" value=\"\" name=\"s\" \/>\n\t\t\t<input type=\"hidden\" name=\"post_type\" value=\"product\" \/>\n\t\t\t\t\t\t\t<input type=\"hidden\" name=\"lang\" value=\"de\" \/>\n\t\t\t\t\t<\/div>\n\t\t<div class=\"flex-col\">\n\t\t\t<button type=\"submit\" value=\"Suche\" class=\"ux-search-submit submit-button secondary button icon mb-0\" aria-label=\"Submit\">\n\t\t\t\t<i class=\"icon-search\" ><\/i>\t\t\t<\/button>\n\t\t<\/div>\n\t<\/div>\n\t<div class=\"live-search-results text-left z-top\"><\/div>\n<\/form>\n<\/div>\n\n\n","protected":false},"excerpt":{"rendered":"","protected":false},"author":1,"featured_media":0,"parent":2902,"menu_order":0,"comment_status":"closed","ping_status":"closed","template":"","meta":{"spay_email":""},"yoast_head":"<!-- This site is optimized with the Yoast SEO plugin v16.8 - https:\/\/yoast.com\/wordpress\/plugins\/seo\/ -->\n<title>ROYAL ENFIELD - La Poderosa Goods - Satteltaschen, Gep\u00e4ck und Premium-Motorradzubeh\u00f6r<\/title>\n<meta name=\"robots\" content=\"index, follow, max-snippet:-1, max-image-preview:large, max-video-preview:-1\" \/>\n<link rel=\"canonical\" href=\"https:\/\/lapoderosagoods.com\/de\/dein-motorrad\/royal-enfield\/\" \/>\n<meta property=\"og:locale\" content=\"de_DE\" \/>\n<meta property=\"og:type\" content=\"article\" \/>\n<meta property=\"og:title\" content=\"ROYAL ENFIELD - La Poderosa Goods - Satteltaschen, Gep\u00e4ck und Premium-Motorradzubeh\u00f6r\" \/>\n<meta property=\"og:url\" content=\"https:\/\/lapoderosagoods.com\/de\/dein-motorrad\/royal-enfield\/\" \/>\n<meta property=\"og:site_name\" content=\"La Poderosa Goods - Satteltaschen, Gep\u00e4ck und Premium-Motorradzubeh\u00f6r\" \/>\n<meta property=\"article:modified_time\" content=\"2025-02-25T07:58:02+00:00\" \/>\n<meta property=\"og:image\" content=\"https:\/\/lapoderosagoods.com\/wp-content\/uploads\/2019\/10\/poderosa.png\" \/>\n\t<meta property=\"og:image:width\" content=\"290\" \/>\n\t<meta property=\"og:image:height\" content=\"209\" \/>\n<meta name=\"twitter:card\" content=\"summary_large_image\" \/>\n<meta name=\"twitter:label1\" content=\"Gesch\u00e4tzte Lesezeit\" \/>\n\t<meta name=\"twitter:data1\" content=\"3 Minuten\" \/>\n<script type=\"application\/ld+json\" class=\"yoast-schema-graph\">{\"@context\":\"https:\/\/schema.org\",\"@graph\":[{\"@type\":\"Organization\",\"@id\":\"https:\/\/lapoderosagoods.com\/#organization\",\"name\":\"La Poderosa Classic Goods\",\"url\":\"https:\/\/lapoderosagoods.com\/\",\"sameAs\":[],\"logo\":{\"@type\":\"ImageObject\",\"@id\":\"https:\/\/lapoderosagoods.com\/#logo\",\"inLanguage\":\"de-DE\",\"url\":\"https:\/\/lapoderosagoods.com\/wp-content\/uploads\/2019\/10\/poderosa.png\",\"contentUrl\":\"https:\/\/lapoderosagoods.com\/wp-content\/uploads\/2019\/10\/poderosa.png\",\"width\":290,\"height\":209,\"caption\":\"La Poderosa Classic Goods\"},\"image\":{\"@id\":\"https:\/\/lapoderosagoods.com\/#logo\"}},{\"@type\":\"WebSite\",\"@id\":\"https:\/\/lapoderosagoods.com\/#website\",\"url\":\"https:\/\/lapoderosagoods.com\/\",\"name\":\"La Poderosa Goods - Satteltaschen, Gep\\u00e4ck und Premium-Motorradzubeh\\u00f6r\",\"description\":\"Gep\\u00e4ck, St\\u00e4nder, Satteltaschen und Zubeh\\u00f6r f\\u00fcr Klassiker, Caf\\u00e9 Racer oder Adventure Bikes. \",\"publisher\":{\"@id\":\"https:\/\/lapoderosagoods.com\/#organization\"},\"potentialAction\":[{\"@type\":\"SearchAction\",\"target\":{\"@type\":\"EntryPoint\",\"urlTemplate\":\"https:\/\/lapoderosagoods.com\/?s={search_term_string}\"},\"query-input\":\"required name=search_term_string\"}],\"inLanguage\":\"de-DE\"},{\"@type\":\"WebPage\",\"@id\":\"https:\/\/lapoderosagoods.com\/de\/dein-motorrad\/royal-enfield\/#webpage\",\"url\":\"https:\/\/lapoderosagoods.com\/de\/dein-motorrad\/royal-enfield\/\",\"name\":\"ROYAL ENFIELD - La Poderosa Goods - Satteltaschen, Gep\\u00e4ck und Premium-Motorradzubeh\\u00f6r\",\"isPartOf\":{\"@id\":\"https:\/\/lapoderosagoods.com\/#website\"},\"datePublished\":\"2021-06-24T08:22:28+00:00\",\"dateModified\":\"2025-02-25T07:58:02+00:00\",\"breadcrumb\":{\"@id\":\"https:\/\/lapoderosagoods.com\/de\/dein-motorrad\/royal-enfield\/#breadcrumb\"},\"inLanguage\":\"de-DE\",\"potentialAction\":[{\"@type\":\"ReadAction\",\"target\":[\"https:\/\/lapoderosagoods.com\/de\/dein-motorrad\/royal-enfield\/\"]}]},{\"@type\":\"BreadcrumbList\",\"@id\":\"https:\/\/lapoderosagoods.com\/de\/dein-motorrad\/royal-enfield\/#breadcrumb\",\"itemListElement\":[{\"@type\":\"ListItem\",\"position\":1,\"name\":\"Portada\",\"item\":\"https:\/\/lapoderosagoods.com\/\"},{\"@type\":\"ListItem\",\"position\":2,\"name\":\"Dein Motorrad\",\"item\":\"https:\/\/lapoderosagoods.com\/de\/dein-motorrad\/\"},{\"@type\":\"ListItem\",\"position\":3,\"name\":\"ROYAL ENFIELD\"}]}]}<\/script>\n<!-- \/ Yoast SEO plugin. -->","yoast_head_json":{"title":"ROYAL ENFIELD - La Poderosa Goods - Satteltaschen, Gep\u00e4ck und Premium-Motorradzubeh\u00f6r","robots":{"index":"index","follow":"follow","max-snippet":"max-snippet:-1","max-image-preview":"max-image-preview:large","max-video-preview":"max-video-preview:-1"},"canonical":"https:\/\/lapoderosagoods.com\/de\/dein-motorrad\/royal-enfield\/","og_locale":"de_DE","og_type":"article","og_title":"ROYAL ENFIELD - La Poderosa Goods - Satteltaschen, Gep\u00e4ck und Premium-Motorradzubeh\u00f6r","og_url":"https:\/\/lapoderosagoods.com\/de\/dein-motorrad\/royal-enfield\/","og_site_name":"La Poderosa Goods - Satteltaschen, Gep\u00e4ck und Premium-Motorradzubeh\u00f6r","article_modified_time":"2025-02-25T07:58:02+00:00","og_image":[{"width":290,"height":209,"url":"https:\/\/lapoderosagoods.com\/wp-content\/uploads\/2019\/10\/poderosa.png","path":"\/home\/spainmot\/lapoderosagoods\/wp-content\/uploads\/2019\/10\/poderosa.png","size":"full","id":269,"alt":"","pixels":60610,"type":"image\/png"}],"twitter_card":"summary_large_image","twitter_misc":{"Gesch\u00e4tzte Lesezeit":"3 Minuten"},"schema":{"@context":"https:\/\/schema.org","@graph":[{"@type":"Organization","@id":"https:\/\/lapoderosagoods.com\/#organization","name":"La Poderosa Classic Goods","url":"https:\/\/lapoderosagoods.com\/","sameAs":[],"logo":{"@type":"ImageObject","@id":"https:\/\/lapoderosagoods.com\/#logo","inLanguage":"de-DE","url":"https:\/\/lapoderosagoods.com\/wp-content\/uploads\/2019\/10\/poderosa.png","contentUrl":"https:\/\/lapoderosagoods.com\/wp-content\/uploads\/2019\/10\/poderosa.png","width":290,"height":209,"caption":"La Poderosa Classic Goods"},"image":{"@id":"https:\/\/lapoderosagoods.com\/#logo"}},{"@type":"WebSite","@id":"https:\/\/lapoderosagoods.com\/#website","url":"https:\/\/lapoderosagoods.com\/","name":"La Poderosa Goods - Satteltaschen, Gep\u00e4ck und Premium-Motorradzubeh\u00f6r","description":"Gep\u00e4ck, St\u00e4nder, Satteltaschen und Zubeh\u00f6r f\u00fcr Klassiker, Caf\u00e9 Racer oder Adventure Bikes. ","publisher":{"@id":"https:\/\/lapoderosagoods.com\/#organization"},"potentialAction":[{"@type":"SearchAction","target":{"@type":"EntryPoint","urlTemplate":"https:\/\/lapoderosagoods.com\/?s={search_term_string}"},"query-input":"required name=search_term_string"}],"inLanguage":"de-DE"},{"@type":"WebPage","@id":"https:\/\/lapoderosagoods.com\/de\/dein-motorrad\/royal-enfield\/#webpage","url":"https:\/\/lapoderosagoods.com\/de\/dein-motorrad\/royal-enfield\/","name":"ROYAL ENFIELD - La Poderosa Goods - Satteltaschen, Gep\u00e4ck und Premium-Motorradzubeh\u00f6r","isPartOf":{"@id":"https:\/\/lapoderosagoods.com\/#website"},"datePublished":"2021-06-24T08:22:28+00:00","dateModified":"2025-02-25T07:58:02+00:00","breadcrumb":{"@id":"https:\/\/lapoderosagoods.com\/de\/dein-motorrad\/royal-enfield\/#breadcrumb"},"inLanguage":"de-DE","potentialAction":[{"@type":"ReadAction","target":["https:\/\/lapoderosagoods.com\/de\/dein-motorrad\/royal-enfield\/"]}]},{"@type":"BreadcrumbList","@id":"https:\/\/lapoderosagoods.com\/de\/dein-motorrad\/royal-enfield\/#breadcrumb","itemListElement":[{"@type":"ListItem","position":1,"name":"Portada","item":"https:\/\/lapoderosagoods.com\/"},{"@type":"ListItem","position":2,"name":"Dein Motorrad","item":"https:\/\/lapoderosagoods.com\/de\/dein-motorrad\/"},{"@type":"ListItem","position":3,"name":"ROYAL ENFIELD"}]}]}},"_links":{"self":[{"href":"https:\/\/lapoderosagoods.com\/de\/wp-json\/wp\/v2\/pages\/2976"}],"collection":[{"href":"https:\/\/lapoderosagoods.com\/de\/wp-json\/wp\/v2\/pages"}],"about":[{"href":"https:\/\/lapoderosagoods.com\/de\/wp-json\/wp\/v2\/types\/page"}],"author":[{"embeddable":true,"href":"https:\/\/lapoderosagoods.com\/de\/wp-json\/wp\/v2\/users\/1"}],"replies":[{"embeddable":true,"href":"https:\/\/lapoderosagoods.com\/de\/wp-json\/wp\/v2\/comments?post=2976"}],"version-history":[{"count":15,"href":"https:\/\/lapoderosagoods.com\/de\/wp-json\/wp\/v2\/pages\/2976\/revisions"}],"predecessor-version":[{"id":21487,"href":"https:\/\/lapoderosagoods.com\/de\/wp-json\/wp\/v2\/pages\/2976\/revisions\/21487"}],"up":[{"embeddable":true,"href":"https:\/\/lapoderosagoods.com\/de\/wp-json\/wp\/v2\/pages\/2902"}],"wp:attachment":[{"href":"https:\/\/lapoderosagoods.com\/de\/wp-json\/wp\/v2\/media?parent=2976"}],"curies":[{"name":"wp","href":"https:\/\/api.w.org\/{rel}","templated":true}]}}